{"id":1060,"date":"2024-09-17T12:50:55","date_gmt":"2024-09-17T10:50:55","guid":{"rendered":"https:\/\/bv-oils.com\/accessibility-statement\/"},"modified":"2024-10-09T09:33:58","modified_gmt":"2024-10-09T07:33:58","slug":"declaracion-de-accesibilidad","status":"publish","type":"page","link":"https:\/\/bv-oils.com\/es\/declaracion-de-accesibilidad\/","title":{"rendered":"DECLARACI\u00d3N DE ACCESIBILIDAD"},"content":{"rendered":"<h3><strong>DECLARACI\u00d3N DE ACCESIBILIDAD<\/strong><\/h3>\n<div class=\"entry-content\">\n<p>Informaci\u00f3n obligatoria<\/p>\n<ol>\n<li><strong>Declaraci\u00f3n de accesibilidad<\/strong><\/li>\n<\/ol>\n<p>BV OILS SL se ha comprometido a que bv-oils.com y su aplicaci\u00f3n para dispositivos m\u00f3viles sean accesibles de conformidad con el Real Decreto 1112\/2018, de 7 de septiembre, sobre accesibilidad de sitios web y aplicaciones para dispositivos m\u00f3viles en el sector p\u00fablico.<\/p>\n<p>La presente declaraci\u00f3n de accesibilidad es de aplicaci\u00f3n al sitio web: https:\/\/bv-oils.com\/<\/p>\n<ol start=\"2\">\n<li><strong>Estado de cumplimiento<\/strong><\/li>\n<\/ol>\n<p>Este sitio web cumple parcialmente con el Real Decreto 1112\/2018, de 7 de septiembre, debido a la falta de conformidad en los aspectos que se indican a continuaci\u00f3n.<\/p>\n<p><strong>El contenido no es accesible<\/strong><\/p>\n<p>Los contenidos enumerados a continuaci\u00f3n no son accesibles por las siguientes razones:<\/p>\n<ol>\n<li>Incumplimiento del Real Decreto 1112\/2018, de 7 de septiembre: podr\u00edan existir errores puntuales de edici\u00f3n en algunas p\u00e1ginas web, tanto en contenidos HTML como en documentos finales, publicados con posterioridad al 20 de septiembre de 2018 (fecha de entrada en vigor del Real Decreto 1112\/2018, de 7 de septiembre). En concreto, puede haber errores en aquellos documentos que contengan gr\u00e1ficos, tablas complejas o que hayan sido firmados electr\u00f3nicamente antes de su revisi\u00f3n de accesibilidad.<\/li>\n<li>Carga desproporcionada: no se aplica.<\/li>\n<li>El contenido no entra en el \u00e1mbito de aplicaci\u00f3n de la normativa aplicable. Existen archivos ofim\u00e1ticos en PDF u otros formatos publicados antes del 20 de septiembre de 2018 que no cumplen plenamente todos los requisitos de accesibilidad. Los contenidos de terceros no financiados, desarrollados o bajo el control de esta empresa tambi\u00e9n pueden encontrarse en esta situaci\u00f3n.<\/li>\n<\/ol>\n<p><strong>Preparaci\u00f3n de esta declaraci\u00f3n de accesibilidad<\/strong><\/p>\n<p>Esta declaraci\u00f3n se prepar\u00f3 el 15 de septiembre de 2023.<\/p>\n<p>El m\u00e9todo utilizado para preparar la declaraci\u00f3n fue una autoevaluaci\u00f3n realizada por el propio organismo.<\/p>\n<p>\u00daltima revisi\u00f3n de la declaraci\u00f3n: 15 de septiembre de 2023.<\/p>\n<p><strong>Observaciones e informaci\u00f3n de contacto<\/strong><\/p>\n<p>Puede realizar comunicaciones sobre requisitos de accesibilidad (art\u00edculo 10.2.a) del Real Decreto 1112\/2018, de 7 de septiembre, tales como:<\/p>\n<ul>\n<li>Informar de cualquier posible violaci\u00f3n de este sitio web.<\/li>\n<li>Transmitir otras dificultades de acceso a los contenidos.<\/li>\n<li>Formular cualquier otra consulta o sugerencia de mejora relacionada con la accesibilidad del sitio web.<\/li>\n<\/ul>\n<p>A trav\u00e9s de las siguientes v\u00edas:<\/p>\n<ul>\n<li>Correo electr\u00f3nico: info@bv-oils.com<\/li>\n<li>Tel\u00e9fonos: +34 977 31 48 69<\/li>\n<\/ul>\n<p>Tambi\u00e9n puede solicitar en formato accesible la informaci\u00f3n que no cumpla los requisitos de accesibilidad, bien porque est\u00e9 excluida o porque est\u00e9 exenta por carga desproporcionada, o presentar una reclamaci\u00f3n por incumplimiento de los requisitos de accesibilidad. Enlace al procedimiento de solicitud de informaci\u00f3n accesible y reclamaciones del art\u00edculo 12 del Real Decreto 1112\/2018, de 7 de septiembre.<\/p>\n<p>Las comunicaciones, solicitudes de informaci\u00f3n accesible y quejas deben dirigirse a la persona responsable de los contenidos de este sitio web.<\/p>\n<p><strong>Procedimiento de solicitud<\/strong><\/p>\n<p>A trav\u00e9s de este procedimiento, se puede iniciar una reclamaci\u00f3n para conocer y oponerse a las razones de la denegaci\u00f3n de una solicitud de informaci\u00f3n accesible o reclamaci\u00f3n, instar la adopci\u00f3n de las medidas oportunas en el caso de no estar de acuerdo con la decisi\u00f3n adoptada, o exponer las razones por las que se considera que la respuesta no re\u00fane los requisitos exigidos.<\/p>\n<p>Enlazar con el responsable de este sitio web, con el superior jer\u00e1rquico de este<\/p>\n<\/div>\n","protected":false},"excerpt":{"rendered":"<p>DECLARACI\u00d3N DE ACCESIBILIDAD Informaci\u00f3n obligatoria Declaraci\u00f3n de accesibilidad BV OILS SL se ha comprometido a que bv-oils.com y su aplicaci\u00f3n para dispositivos m\u00f3viles sean accesibles de conformidad con el Real Decreto 1112\/2018, de 7 de septiembre, sobre accesibilidad de sitios web y aplicaciones para dispositivos m\u00f3viles en el sector p\u00fablico. La presente declaraci\u00f3n de accesibilidad [&hellip;]<\/p>\n","protected":false},"author":1,"featured_media":0,"parent":0,"menu_order":0,"comment_status":"closed","ping_status":"closed","template":"","meta":{"_et_pb_use_builder":"","_et_pb_old_content":"","_et_gb_content_width":"","footnotes":""},"class_list":["post-1060","page","type-page","status-publish","hentry"],"yoast_head":"<!-- This site is optimized with the Yoast SEO plugin v27.4 - https:\/\/yoast.com\/product\/yoast-seo-wordpress\/ -->\n<title>DECLARACI\u00d3N DE ACCESIBILIDAD - BV Oils | Raw material trading company<\/title>\n<meta name=\"robots\" content=\"index, follow, max-snippet:-1, max-image-preview:large, max-video-preview:-1\" \/>\n<link rel=\"canonical\" href=\"https:\/\/bv-oils.com\/es\/declaracion-de-accesibilidad\/\" \/>\n<meta property=\"og:locale\" content=\"es_ES\" \/>\n<meta property=\"og:type\" content=\"article\" \/>\n<meta property=\"og:title\" content=\"DECLARACI\u00d3N DE ACCESIBILIDAD - BV Oils | Raw material trading company\" \/>\n<meta property=\"og:description\" content=\"DECLARACI\u00d3N DE ACCESIBILIDAD Informaci\u00f3n obligatoria Declaraci\u00f3n de accesibilidad BV OILS SL se ha comprometido a que bv-oils.com y su aplicaci\u00f3n para dispositivos m\u00f3viles sean accesibles de conformidad con el Real Decreto 1112\/2018, de 7 de septiembre, sobre accesibilidad de sitios web y aplicaciones para dispositivos m\u00f3viles en el sector p\u00fablico. La presente declaraci\u00f3n de accesibilidad [&hellip;]\" \/>\n<meta property=\"og:url\" content=\"https:\/\/bv-oils.com\/es\/declaracion-de-accesibilidad\/\" \/>\n<meta property=\"og:site_name\" content=\"BV Oils | Raw material trading company\" \/>\n<meta property=\"article:modified_time\" content=\"2024-10-09T07:33:58+00:00\" \/>\n<meta property=\"og:image\" content=\"https:\/\/bv-oils.com\/wp-content\/uploads\/2024\/09\/46122-1024x939.jpg\" \/>\n\t<meta property=\"og:image:width\" content=\"1024\" \/>\n\t<meta property=\"og:image:height\" content=\"939\" \/>\n\t<meta property=\"og:image:type\" content=\"image\/jpeg\" \/>\n<meta name=\"twitter:label1\" content=\"Tiempo de lectura\" \/>\n\t<meta name=\"twitter:data1\" content=\"3 minutos\" \/>\n<script type=\"application\/ld+json\" class=\"yoast-schema-graph\">{\"@context\":\"https:\\\/\\\/schema.org\",\"@graph\":[{\"@type\":\"WebPage\",\"@id\":\"https:\\\/\\\/bv-oils.com\\\/es\\\/declaracion-de-accesibilidad\\\/\",\"url\":\"https:\\\/\\\/bv-oils.com\\\/es\\\/declaracion-de-accesibilidad\\\/\",\"name\":\"DECLARACI\u00d3N DE ACCESIBILIDAD - BV Oils | Raw material trading company\",\"isPartOf\":{\"@id\":\"https:\\\/\\\/bv-oils.com\\\/#website\"},\"datePublished\":\"2024-09-17T10:50:55+00:00\",\"dateModified\":\"2024-10-09T07:33:58+00:00\",\"breadcrumb\":{\"@id\":\"https:\\\/\\\/bv-oils.com\\\/es\\\/declaracion-de-accesibilidad\\\/#breadcrumb\"},\"inLanguage\":\"es\",\"potentialAction\":[{\"@type\":\"ReadAction\",\"target\":[\"https:\\\/\\\/bv-oils.com\\\/es\\\/declaracion-de-accesibilidad\\\/\"]}]},{\"@type\":\"BreadcrumbList\",\"@id\":\"https:\\\/\\\/bv-oils.com\\\/es\\\/declaracion-de-accesibilidad\\\/#breadcrumb\",\"itemListElement\":[{\"@type\":\"ListItem\",\"position\":1,\"name\":\"Portada\",\"item\":\"https:\\\/\\\/bv-oils.com\\\/\"},{\"@type\":\"ListItem\",\"position\":2,\"name\":\"DECLARACI\u00d3N DE ACCESIBILIDAD\"}]},{\"@type\":\"WebSite\",\"@id\":\"https:\\\/\\\/bv-oils.com\\\/#website\",\"url\":\"https:\\\/\\\/bv-oils.com\\\/\",\"name\":\"BV Oils | Raw material trading company\",\"description\":\"We provide technical and commercial advice on biofuels and residual raw materials\",\"publisher\":{\"@id\":\"https:\\\/\\\/bv-oils.com\\\/#organization\"},\"alternateName\":\"BV Oils\",\"potentialAction\":[{\"@type\":\"SearchAction\",\"target\":{\"@type\":\"EntryPoint\",\"urlTemplate\":\"https:\\\/\\\/bv-oils.com\\\/?s={search_term_string}\"},\"query-input\":{\"@type\":\"PropertyValueSpecification\",\"valueRequired\":true,\"valueName\":\"search_term_string\"}}],\"inLanguage\":\"es\"},{\"@type\":\"Organization\",\"@id\":\"https:\\\/\\\/bv-oils.com\\\/#organization\",\"name\":\"BV Oils\",\"alternateName\":\"Raw Material trading company\",\"url\":\"https:\\\/\\\/bv-oils.com\\\/\",\"logo\":{\"@type\":\"ImageObject\",\"inLanguage\":\"es\",\"@id\":\"https:\\\/\\\/bv-oils.com\\\/#\\\/schema\\\/logo\\\/image\\\/\",\"url\":\"https:\\\/\\\/bv-oils.com\\\/wp-content\\\/uploads\\\/2024\\\/09\\\/cropped-petit.png\",\"contentUrl\":\"https:\\\/\\\/bv-oils.com\\\/wp-content\\\/uploads\\\/2024\\\/09\\\/cropped-petit.png\",\"width\":512,\"height\":512,\"caption\":\"BV Oils\"},\"image\":{\"@id\":\"https:\\\/\\\/bv-oils.com\\\/#\\\/schema\\\/logo\\\/image\\\/\"}}]}<\/script>\n<!-- \/ Yoast SEO plugin. -->","yoast_head_json":{"title":"DECLARACI\u00d3N DE ACCESIBILIDAD - BV Oils | Raw material trading company","robots":{"index":"index","follow":"follow","max-snippet":"max-snippet:-1","max-image-preview":"max-image-preview:large","max-video-preview":"max-video-preview:-1"},"canonical":"https:\/\/bv-oils.com\/es\/declaracion-de-accesibilidad\/","og_locale":"es_ES","og_type":"article","og_title":"DECLARACI\u00d3N DE ACCESIBILIDAD - BV Oils | Raw material trading company","og_description":"DECLARACI\u00d3N DE ACCESIBILIDAD Informaci\u00f3n obligatoria Declaraci\u00f3n de accesibilidad BV OILS SL se ha comprometido a que bv-oils.com y su aplicaci\u00f3n para dispositivos m\u00f3viles sean accesibles de conformidad con el Real Decreto 1112\/2018, de 7 de septiembre, sobre accesibilidad de sitios web y aplicaciones para dispositivos m\u00f3viles en el sector p\u00fablico. La presente declaraci\u00f3n de accesibilidad [&hellip;]","og_url":"https:\/\/bv-oils.com\/es\/declaracion-de-accesibilidad\/","og_site_name":"BV Oils | Raw material trading company","article_modified_time":"2024-10-09T07:33:58+00:00","og_image":[{"width":1024,"height":939,"url":"https:\/\/bv-oils.com\/wp-content\/uploads\/2024\/09\/46122-1024x939.jpg","type":"image\/jpeg"}],"twitter_misc":{"Tiempo de lectura":"3 minutos"},"schema":{"@context":"https:\/\/schema.org","@graph":[{"@type":"WebPage","@id":"https:\/\/bv-oils.com\/es\/declaracion-de-accesibilidad\/","url":"https:\/\/bv-oils.com\/es\/declaracion-de-accesibilidad\/","name":"DECLARACI\u00d3N DE ACCESIBILIDAD - BV Oils | Raw material trading company","isPartOf":{"@id":"https:\/\/bv-oils.com\/#website"},"datePublished":"2024-09-17T10:50:55+00:00","dateModified":"2024-10-09T07:33:58+00:00","breadcrumb":{"@id":"https:\/\/bv-oils.com\/es\/declaracion-de-accesibilidad\/#breadcrumb"},"inLanguage":"es","potentialAction":[{"@type":"ReadAction","target":["https:\/\/bv-oils.com\/es\/declaracion-de-accesibilidad\/"]}]},{"@type":"BreadcrumbList","@id":"https:\/\/bv-oils.com\/es\/declaracion-de-accesibilidad\/#breadcrumb","itemListElement":[{"@type":"ListItem","position":1,"name":"Portada","item":"https:\/\/bv-oils.com\/"},{"@type":"ListItem","position":2,"name":"DECLARACI\u00d3N DE ACCESIBILIDAD"}]},{"@type":"WebSite","@id":"https:\/\/bv-oils.com\/#website","url":"https:\/\/bv-oils.com\/","name":"BV Oils | Raw material trading company","description":"We provide technical and commercial advice on biofuels and residual raw materials","publisher":{"@id":"https:\/\/bv-oils.com\/#organization"},"alternateName":"BV Oils","potentialAction":[{"@type":"SearchAction","target":{"@type":"EntryPoint","urlTemplate":"https:\/\/bv-oils.com\/?s={search_term_string}"},"query-input":{"@type":"PropertyValueSpecification","valueRequired":true,"valueName":"search_term_string"}}],"inLanguage":"es"},{"@type":"Organization","@id":"https:\/\/bv-oils.com\/#organization","name":"BV Oils","alternateName":"Raw Material trading company","url":"https:\/\/bv-oils.com\/","logo":{"@type":"ImageObject","inLanguage":"es","@id":"https:\/\/bv-oils.com\/#\/schema\/logo\/image\/","url":"https:\/\/bv-oils.com\/wp-content\/uploads\/2024\/09\/cropped-petit.png","contentUrl":"https:\/\/bv-oils.com\/wp-content\/uploads\/2024\/09\/cropped-petit.png","width":512,"height":512,"caption":"BV Oils"},"image":{"@id":"https:\/\/bv-oils.com\/#\/schema\/logo\/image\/"}}]}},"_links":{"self":[{"href":"https:\/\/bv-oils.com\/es\/wp-json\/wp\/v2\/pages\/1060","targetHints":{"allow":["GET"]}}],"collection":[{"href":"https:\/\/bv-oils.com\/es\/wp-json\/wp\/v2\/pages"}],"about":[{"href":"https:\/\/bv-oils.com\/es\/wp-json\/wp\/v2\/types\/page"}],"author":[{"embeddable":true,"href":"https:\/\/bv-oils.com\/es\/wp-json\/wp\/v2\/users\/1"}],"replies":[{"embeddable":true,"href":"https:\/\/bv-oils.com\/es\/wp-json\/wp\/v2\/comments?post=1060"}],"version-history":[{"count":2,"href":"https:\/\/bv-oils.com\/es\/wp-json\/wp\/v2\/pages\/1060\/revisions"}],"predecessor-version":[{"id":1062,"href":"https:\/\/bv-oils.com\/es\/wp-json\/wp\/v2\/pages\/1060\/revisions\/1062"}],"wp:attachment":[{"href":"https:\/\/bv-oils.com\/es\/wp-json\/wp\/v2\/media?parent=1060"}],"curies":[{"name":"wp","href":"https:\/\/api.w.org\/{rel}","templated":true}]}}