{"id":1055,"date":"2024-09-17T12:48:23","date_gmt":"2024-09-17T10:48:23","guid":{"rendered":"https:\/\/bv-oils.com\/politica-de-cookies\/"},"modified":"2024-10-09T09:30:48","modified_gmt":"2024-10-09T07:30:48","slug":"politica-de-cookies","status":"publish","type":"page","link":"https:\/\/bv-oils.com\/es\/politica-de-cookies\/","title":{"rendered":"POL\u00cdTICA DE COOKIES"},"content":{"rendered":"<div class=\"entry-content\">\n<div class=\"content\">\n<div class=\"moz-reader-content reader-show-element\">\n<div id=\"readability-page-1\" class=\"page\">\n<div id=\"boiler\">\n<p><strong>POL\u00cdTICA DE COOKIES<\/strong><\/p>\n<ol>\n<li><strong>Uso de cookies<\/strong><\/li>\n<\/ol>\n<p>El sitio web https:\/\/bv-oils.com\/ propiedad de BV OILS SL y con domicilio en Pla\u00e7a del nen de les Oques N2 Bx, Reus,43202 Espa\u00f1a y con n\u00famero de identificaci\u00f3n B55607949 utiliza cookies.<\/p>\n<p>Las cookies son ficheros que se descargan en su ordenador al acceder a determinadas p\u00e1ginas web. Las cookies permiten a una p\u00e1gina web, entre otras cosas, almacenar y recuperar informaci\u00f3n sobre los h\u00e1bitos de navegaci\u00f3n de un usuario o de su equipo y, dependiendo de la informaci\u00f3n que contengan y de la forma en que utilice su equipo.<\/p>\n<p>Adem\u00e1s, mejoran su proceso de navegaci\u00f3n, ya que permiten que la p\u00e1gina web ofrezca al usuario informaci\u00f3n que puede ser de su inter\u00e9s en funci\u00f3n del uso que realice, de su contenido.<\/p>\n<p>En caso de no querer recibir cookies, por favor configure su navegador de Internet para que las borre del disco duro de su ordenador, las bloquee o le avise en caso de instalaci\u00f3n de las mismas. Para continuar sin cambiar la configuraci\u00f3n de las cookies, simplemente contin\u00fae en el sitio web.<\/p>\n<ol start=\"2\">\n<li><strong>Consentimiento<\/strong><\/li>\n<\/ol>\n<p>Las cookies que utilizamos no almacenan dato personal alguno, ni ning\u00fan tipo de informaci\u00f3n que pueda identificarle, salvo que desee registrarse, de forma voluntaria, para utilizar los servicios que ponemos a su disposici\u00f3n o para recibir informaci\u00f3n sobre promociones y contenidos de su inter\u00e9s. .<\/p>\n<p>Al navegar por primera vez, aparecer\u00e1 un banner explicativo sobre el uso de cookies. Puede aceptar todas las cookies o elegir si desea aceptar \u00fanicamente las cookies esenciales o t\u00e9cnicas, necesarias para el correcto funcionamiento del sitio web; excluyendo las cookies anal\u00edticas y publicitarias. Este consentimiento es v\u00e1lido durante un periodo de 13 meses. Si no est\u00e1 de acuerdo, puede enviar un correo electr\u00f3nico a info@bv-oils.com<\/p>\n<ol start=\"3\">\n<li><strong>Tipos y finalidad de las cookies<\/strong><\/li>\n<\/ol>\n<p>Las cookies, en funci\u00f3n de su permanencia, pueden clasificarse en:<\/p>\n<p>Cookies de sesi\u00f3n: expiran cuando el usuario cierra el navegador.<br \/>\nCookies persistentes: expiran en funci\u00f3n cuando se cumpla el objetivo para el que sirven (por ejemplo, para que el usuario se mantenga identificado en la web y sus servicios o cuando se borran manualmente).<\/p>\n<p>En funci\u00f3n de su finalidad, las cookies pueden clasificarse de la siguiente manera:<\/p>\n<p>Cookies de rendimiento (t\u00e9cnicas y de personalizaci\u00f3n): Este tipo de cookies recuerda sus preferencias para las herramientas que se encuentran en los servicios, por lo que no tiene que volver a configurar el servicio cada vez que usted visita. A modo de ejemplo, esta tipolog\u00eda incluye: ajustes de volumen de reproductores de v\u00eddeo o sonido y velocidades de transmisi\u00f3n de v\u00eddeo compatibles con su navegador.<br \/>\nCookies de geolocalizaci\u00f3n: Estas Cookies se utilizan para saber en qu\u00e9 pa\u00eds se encuentra cuando solicita un servicio. Esta Cookie es totalmente an\u00f3nima, y s\u00f3lo se utiliza para ayudar a orientar el contenido a su ubicaci\u00f3n.<br \/>\nCookies de registro (t\u00e9cnicas y de personalizaci\u00f3n): Las Cookies de registro se generan una vez que el Usuario se ha registrado o ha abierto posteriormente su sesi\u00f3n, y se utilizan para identificarle en los servicios con los siguientes objetivos:<br \/>\nMantener al Usuario identificado de forma que, si cierra un servicio, el navegador o el ordenador y en otro momento u otro d\u00eda vuelve a entrar en dicho servicio, seguir\u00e1 identificado, facilitando as\u00ed su navegaci\u00f3n sin tener que volver a identificarse. Esta funcionalidad puede suprimirse si el usuario pulsa sobre la funcionalidad \u00abcerrar sesi\u00f3n\u00bb, de forma que esta Cookie se borre y la pr\u00f3xima vez que el usuario entre en el servicio, tenga que iniciar sesi\u00f3n para identificarse.<br \/>\nComprobar si el usuario est\u00e1 autorizado para acceder a determinados servicios, por ejemplo, para participar en un concurso.<br \/>\nCookies anal\u00edticas: Cada vez que un Usuario visita un servicio o informaci\u00f3n de la web o una herramienta de un proveedor externo (Google Analytics, Comscore y similares, que podr\u00e1n a\u00f1adirse a esta lista si var\u00edan respecto a las actuales) genera una cookie anal\u00edtica en el ordenador del usuario. Esta cookie que s\u00f3lo se genera en la visita, servir\u00e1 en pr\u00f3ximas visitas a los servicios web para identificar de forma an\u00f3nima al visitante. Los principales objetivos que se persiguen son:<br \/>\nPermitir la identificaci\u00f3n an\u00f3nima de los usuarios navegantes a trav\u00e9s de la cookie (identifica navegadores y dispositivos, no personas) y por tanto la contabilizaci\u00f3n aproximada del n\u00famero de visitantes y su tendencia en el tiempo.<br \/>\nIdentificar de forma an\u00f3nima los contenidos m\u00e1s visitados y, por tanto, m\u00e1s atractivos para los usuarios.<br \/>\nSaber si el usuario que est\u00e1 accediendo es nuevo o repite visita. Importante: Salvo que el usuario decida registrarse en alg\u00fan servicio o contenido de la web, la cookie nunca ir\u00e1 asociada a ning\u00fan dato de car\u00e1cter personal que pueda identificarle. Estas Cookies s\u00f3lo ser\u00e1n utilizadas con prop\u00f3sitos estad\u00edsticos que ayuden a optimizar la experiencia del usuario en el sitio web.<br \/>\nCookies publicitarias propias: se utilizan para indicar al titular de la p\u00e1gina web si un Usuario ha visitado o no la publicidad que ha incluido. Tambi\u00e9n permiten gestionar los espacios publicitarios de la p\u00e1gina almacenando datos sobre el comportamiento de navegaci\u00f3n del Usuario para ofrecerle publicidad.<br \/>\nCookies publicitarias de terceros: Adem\u00e1s de la publicidad gestionada por la p\u00e1gina web en sus contenidos o servicios, \u00e9sta puede ofrecer a sus anunciantes la opci\u00f3n de servir anuncios a trav\u00e9s de terceros (\u00abAdServers\u00bb). De este modo, estos terceros pueden almacenar cookies enviadas desde los contenidos de la p\u00e1gina web en los navegadores de los Usuarios, as\u00ed como acceder a los datos que en ellas se guardan. Las empresas que generan estas Cookies tienen sus propias pol\u00edticas de privacidad.<\/p>\n<ol start=\"4\">\n<li><strong>C\u00f3mo bloquear o eliminar las cookies instaladas<\/strong><\/li>\n<\/ol>\n<p>Explorador: https:\/\/support.microsoft.com\/es-es\/topic\/c%C3%B3mo-eliminar-archivos-de-cookies-en-internet-explorer-bca9446f-d873-78de-77ba-d42645fa52fc<\/p>\n<p>Chrome: https:\/\/support.google.com\/chrome\/answer\/95647?hl=es<\/p>\n<p>Firefox: https:\/\/support.mozilla.org\/es\/kb\/Delete%20cookies<\/p>\n<p>Safari: https:\/\/support.apple.com\/es-es\/guide\/safari\/sfri11471\/mac<\/p>\n<ol start=\"5\">\n<li><strong>Modificaciones<\/strong><\/li>\n<\/ol>\n<p>El sitio web https:\/\/bv-oils.com\/ titularidad de BV OILS SL y con domicilio en Pla\u00e7a del nen de les Oques N2 Bx, Reus,43202 Espa\u00f1a y con CIF B55607949 puede modificar esta pol\u00edtica de cookies en funci\u00f3n de exigencias legislativas, o con la finalidad de adaptar dicha pol\u00edtica a las instrucciones dictadas por la Agencia Espa\u00f1ola de Protecci\u00f3n de Datos.<\/p>\n<p>Por ello se aconseja a los usuarios que la visiten peri\u00f3dicamente. Cuando se produzcan cambios significativos en esta pol\u00edtica de cookies, se comunicar\u00e1n a los usuarios bien a trav\u00e9s de la web o bien mediante correo electr\u00f3nico a los usuarios registrados.<\/p>\n<p>Esta pol\u00edtica de cookies fue actualizada el 14 de junio de 2023 para adaptarse al Reglamento (UE) 2016\/679 del Parlamento Europeo y del Consejo, de 27 de abril de 2016 relativo a la protecci\u00f3n de las personas f\u00edsicas en lo que respecta al tratamiento de datos personales y a la libre circulaci\u00f3n de estos datos (RGPD)<\/p>\n<p>&nbsp;<\/p>\n<\/div>\n<\/div>\n<\/div>\n<\/div>\n<\/div>\n<p>&nbsp;<\/p>\n","protected":false},"excerpt":{"rendered":"<p>POL\u00cdTICA DE COOKIES Uso de cookies El sitio web https:\/\/bv-oils.com\/ propiedad de BV OILS SL y con domicilio en Pla\u00e7a del nen de les Oques N2 Bx, Reus,43202 Espa\u00f1a y con n\u00famero de identificaci\u00f3n B55607949 utiliza cookies. Las cookies son ficheros que se descargan en su ordenador al acceder a determinadas p\u00e1ginas web. Las cookies [&hellip;]<\/p>\n","protected":false},"author":1,"featured_media":0,"parent":0,"menu_order":0,"comment_status":"closed","ping_status":"closed","template":"","meta":{"_et_pb_use_builder":"","_et_pb_old_content":"","_et_gb_content_width":"","footnotes":""},"class_list":["post-1055","page","type-page","status-publish","hentry"],"yoast_head":"<!-- This site is optimized with the Yoast SEO plugin v27.4 - https:\/\/yoast.com\/product\/yoast-seo-wordpress\/ -->\n<title>POL\u00cdTICA DE COOKIES - BV Oils | Raw material trading company<\/title>\n<meta name=\"robots\" content=\"index, follow, max-snippet:-1, max-image-preview:large, max-video-preview:-1\" \/>\n<link rel=\"canonical\" href=\"https:\/\/bv-oils.com\/es\/politica-de-cookies\/\" \/>\n<meta property=\"og:locale\" content=\"es_ES\" \/>\n<meta property=\"og:type\" content=\"article\" \/>\n<meta property=\"og:title\" content=\"POL\u00cdTICA DE COOKIES - BV Oils | Raw material trading company\" \/>\n<meta property=\"og:description\" content=\"POL\u00cdTICA DE COOKIES Uso de cookies El sitio web https:\/\/bv-oils.com\/ propiedad de BV OILS SL y con domicilio en Pla\u00e7a del nen de les Oques N2 Bx, Reus,43202 Espa\u00f1a y con n\u00famero de identificaci\u00f3n B55607949 utiliza cookies. Las cookies son ficheros que se descargan en su ordenador al acceder a determinadas p\u00e1ginas web. Las cookies [&hellip;]\" \/>\n<meta property=\"og:url\" content=\"https:\/\/bv-oils.com\/es\/politica-de-cookies\/\" \/>\n<meta property=\"og:site_name\" content=\"BV Oils | Raw material trading company\" \/>\n<meta property=\"article:modified_time\" content=\"2024-10-09T07:30:48+00:00\" \/>\n<meta property=\"og:image\" content=\"https:\/\/bv-oils.com\/wp-content\/uploads\/2024\/09\/46122-1024x939.jpg\" \/>\n\t<meta property=\"og:image:width\" content=\"1024\" \/>\n\t<meta property=\"og:image:height\" content=\"939\" \/>\n\t<meta property=\"og:image:type\" content=\"image\/jpeg\" \/>\n<meta name=\"twitter:label1\" content=\"Tiempo de lectura\" \/>\n\t<meta name=\"twitter:data1\" content=\"5 minutos\" \/>\n<script type=\"application\/ld+json\" class=\"yoast-schema-graph\">{\"@context\":\"https:\\\/\\\/schema.org\",\"@graph\":[{\"@type\":\"WebPage\",\"@id\":\"https:\\\/\\\/bv-oils.com\\\/es\\\/politica-de-cookies\\\/\",\"url\":\"https:\\\/\\\/bv-oils.com\\\/es\\\/politica-de-cookies\\\/\",\"name\":\"POL\u00cdTICA DE COOKIES - BV Oils | Raw material trading company\",\"isPartOf\":{\"@id\":\"https:\\\/\\\/bv-oils.com\\\/#website\"},\"datePublished\":\"2024-09-17T10:48:23+00:00\",\"dateModified\":\"2024-10-09T07:30:48+00:00\",\"breadcrumb\":{\"@id\":\"https:\\\/\\\/bv-oils.com\\\/es\\\/politica-de-cookies\\\/#breadcrumb\"},\"inLanguage\":\"es\",\"potentialAction\":[{\"@type\":\"ReadAction\",\"target\":[\"https:\\\/\\\/bv-oils.com\\\/es\\\/politica-de-cookies\\\/\"]}]},{\"@type\":\"BreadcrumbList\",\"@id\":\"https:\\\/\\\/bv-oils.com\\\/es\\\/politica-de-cookies\\\/#breadcrumb\",\"itemListElement\":[{\"@type\":\"ListItem\",\"position\":1,\"name\":\"Portada\",\"item\":\"https:\\\/\\\/bv-oils.com\\\/\"},{\"@type\":\"ListItem\",\"position\":2,\"name\":\"POL\u00cdTICA DE COOKIES\"}]},{\"@type\":\"WebSite\",\"@id\":\"https:\\\/\\\/bv-oils.com\\\/#website\",\"url\":\"https:\\\/\\\/bv-oils.com\\\/\",\"name\":\"BV Oils | Raw material trading company\",\"description\":\"We provide technical and commercial advice on biofuels and residual raw materials\",\"publisher\":{\"@id\":\"https:\\\/\\\/bv-oils.com\\\/#organization\"},\"alternateName\":\"BV Oils\",\"potentialAction\":[{\"@type\":\"SearchAction\",\"target\":{\"@type\":\"EntryPoint\",\"urlTemplate\":\"https:\\\/\\\/bv-oils.com\\\/?s={search_term_string}\"},\"query-input\":{\"@type\":\"PropertyValueSpecification\",\"valueRequired\":true,\"valueName\":\"search_term_string\"}}],\"inLanguage\":\"es\"},{\"@type\":\"Organization\",\"@id\":\"https:\\\/\\\/bv-oils.com\\\/#organization\",\"name\":\"BV Oils\",\"alternateName\":\"Raw Material trading company\",\"url\":\"https:\\\/\\\/bv-oils.com\\\/\",\"logo\":{\"@type\":\"ImageObject\",\"inLanguage\":\"es\",\"@id\":\"https:\\\/\\\/bv-oils.com\\\/#\\\/schema\\\/logo\\\/image\\\/\",\"url\":\"https:\\\/\\\/bv-oils.com\\\/wp-content\\\/uploads\\\/2024\\\/09\\\/cropped-petit.png\",\"contentUrl\":\"https:\\\/\\\/bv-oils.com\\\/wp-content\\\/uploads\\\/2024\\\/09\\\/cropped-petit.png\",\"width\":512,\"height\":512,\"caption\":\"BV Oils\"},\"image\":{\"@id\":\"https:\\\/\\\/bv-oils.com\\\/#\\\/schema\\\/logo\\\/image\\\/\"}}]}<\/script>\n<!-- \/ Yoast SEO plugin. -->","yoast_head_json":{"title":"POL\u00cdTICA DE COOKIES - BV Oils | Raw material trading company","robots":{"index":"index","follow":"follow","max-snippet":"max-snippet:-1","max-image-preview":"max-image-preview:large","max-video-preview":"max-video-preview:-1"},"canonical":"https:\/\/bv-oils.com\/es\/politica-de-cookies\/","og_locale":"es_ES","og_type":"article","og_title":"POL\u00cdTICA DE COOKIES - BV Oils | Raw material trading company","og_description":"POL\u00cdTICA DE COOKIES Uso de cookies El sitio web https:\/\/bv-oils.com\/ propiedad de BV OILS SL y con domicilio en Pla\u00e7a del nen de les Oques N2 Bx, Reus,43202 Espa\u00f1a y con n\u00famero de identificaci\u00f3n B55607949 utiliza cookies. Las cookies son ficheros que se descargan en su ordenador al acceder a determinadas p\u00e1ginas web. Las cookies [&hellip;]","og_url":"https:\/\/bv-oils.com\/es\/politica-de-cookies\/","og_site_name":"BV Oils | Raw material trading company","article_modified_time":"2024-10-09T07:30:48+00:00","og_image":[{"width":1024,"height":939,"url":"https:\/\/bv-oils.com\/wp-content\/uploads\/2024\/09\/46122-1024x939.jpg","type":"image\/jpeg"}],"twitter_misc":{"Tiempo de lectura":"5 minutos"},"schema":{"@context":"https:\/\/schema.org","@graph":[{"@type":"WebPage","@id":"https:\/\/bv-oils.com\/es\/politica-de-cookies\/","url":"https:\/\/bv-oils.com\/es\/politica-de-cookies\/","name":"POL\u00cdTICA DE COOKIES - BV Oils | Raw material trading company","isPartOf":{"@id":"https:\/\/bv-oils.com\/#website"},"datePublished":"2024-09-17T10:48:23+00:00","dateModified":"2024-10-09T07:30:48+00:00","breadcrumb":{"@id":"https:\/\/bv-oils.com\/es\/politica-de-cookies\/#breadcrumb"},"inLanguage":"es","potentialAction":[{"@type":"ReadAction","target":["https:\/\/bv-oils.com\/es\/politica-de-cookies\/"]}]},{"@type":"BreadcrumbList","@id":"https:\/\/bv-oils.com\/es\/politica-de-cookies\/#breadcrumb","itemListElement":[{"@type":"ListItem","position":1,"name":"Portada","item":"https:\/\/bv-oils.com\/"},{"@type":"ListItem","position":2,"name":"POL\u00cdTICA DE COOKIES"}]},{"@type":"WebSite","@id":"https:\/\/bv-oils.com\/#website","url":"https:\/\/bv-oils.com\/","name":"BV Oils | Raw material trading company","description":"We provide technical and commercial advice on biofuels and residual raw materials","publisher":{"@id":"https:\/\/bv-oils.com\/#organization"},"alternateName":"BV Oils","potentialAction":[{"@type":"SearchAction","target":{"@type":"EntryPoint","urlTemplate":"https:\/\/bv-oils.com\/?s={search_term_string}"},"query-input":{"@type":"PropertyValueSpecification","valueRequired":true,"valueName":"search_term_string"}}],"inLanguage":"es"},{"@type":"Organization","@id":"https:\/\/bv-oils.com\/#organization","name":"BV Oils","alternateName":"Raw Material trading company","url":"https:\/\/bv-oils.com\/","logo":{"@type":"ImageObject","inLanguage":"es","@id":"https:\/\/bv-oils.com\/#\/schema\/logo\/image\/","url":"https:\/\/bv-oils.com\/wp-content\/uploads\/2024\/09\/cropped-petit.png","contentUrl":"https:\/\/bv-oils.com\/wp-content\/uploads\/2024\/09\/cropped-petit.png","width":512,"height":512,"caption":"BV Oils"},"image":{"@id":"https:\/\/bv-oils.com\/#\/schema\/logo\/image\/"}}]}},"_links":{"self":[{"href":"https:\/\/bv-oils.com\/es\/wp-json\/wp\/v2\/pages\/1055","targetHints":{"allow":["GET"]}}],"collection":[{"href":"https:\/\/bv-oils.com\/es\/wp-json\/wp\/v2\/pages"}],"about":[{"href":"https:\/\/bv-oils.com\/es\/wp-json\/wp\/v2\/types\/page"}],"author":[{"embeddable":true,"href":"https:\/\/bv-oils.com\/es\/wp-json\/wp\/v2\/users\/1"}],"replies":[{"embeddable":true,"href":"https:\/\/bv-oils.com\/es\/wp-json\/wp\/v2\/comments?post=1055"}],"version-history":[{"count":4,"href":"https:\/\/bv-oils.com\/es\/wp-json\/wp\/v2\/pages\/1055\/revisions"}],"predecessor-version":[{"id":1059,"href":"https:\/\/bv-oils.com\/es\/wp-json\/wp\/v2\/pages\/1055\/revisions\/1059"}],"wp:attachment":[{"href":"https:\/\/bv-oils.com\/es\/wp-json\/wp\/v2\/media?parent=1055"}],"curies":[{"name":"wp","href":"https:\/\/api.w.org\/{rel}","templated":true}]}}