{"id":1052,"date":"2024-09-17T12:43:02","date_gmt":"2024-09-17T10:43:02","guid":{"rendered":"https:\/\/bv-oils.com\/aviso-legal\/"},"modified":"2024-10-09T09:27:51","modified_gmt":"2024-10-09T07:27:51","slug":"aviso-legal","status":"publish","type":"page","link":"https:\/\/bv-oils.com\/es\/aviso-legal\/","title":{"rendered":"AVISO LEGAL"},"content":{"rendered":"<p>AVISO LEGAL<\/p>\n<p>Datos de identificaci\u00f3n<\/p>\n<ol>\n<li>Est\u00e1 usted visitando el sitio web https:\/\/bv-oils.com\/ propiedad de BV OILS SL y con domicilio en Pla\u00e7a del nen de les Oques N2 Bx, Reus, 43202 Espanya con NIF n\u00ba B55607949,, (que en este documento se denomina &lt; &lt;el Propietario&gt;&gt;).<\/li>\n<\/ol>\n<p>La actividad no est\u00e1 sujeta a ninguna autorizaci\u00f3n administrativa previa.<\/p>\n<p>Puede ponerse en contacto con EL TITULAR por cualquiera de los siguientes medios:<\/p>\n<p>Tel\u00e9fono: +34 977 31 48 69<\/p>\n<p>Correo electr\u00f3nico de contacto: info@bv-oils.com<\/p>\n<p><strong>Alojamiento web<\/strong><\/p>\n<p>Est\u00e1s en: Inicio &gt; Directorio de Empresas CNAE Actividad | Directorio de Empresas por Provincias &gt; Datos Generales de IONOS CLOUD SL. IONOS CLOUD SL<\/p>\n<p>AVENIDA DE LA VEGA (EDIFICIO VEGANOVA), 1 &#8211; EDIFICIO. 3 PLANTA 5 PLANTA<\/p>\n<p>Tel\u00e9fono: 902585111<\/p>\n<p>Correo electr\u00f3nico de contacto: soporte@ionos.es<\/p>\n<p>Usuarios<\/p>\n<ol start=\"2\">\n<li>Las presentes condiciones (en adelante Aviso Legal) tienen por objeto regular el uso del sitio web que EL TITULAR pone a disposici\u00f3n del p\u00fablico.<\/li>\n<\/ol>\n<p>El acceso y\/o uso de esta p\u00e1gina web por parte de EL TITULAR atribuye la condici\u00f3n de usuario, que acepta, desde dicho acceso y\/o uso, las condiciones generales de uso aqu\u00ed reflejadas. Estas condiciones ser\u00e1n de aplicaci\u00f3n independientemente de las condiciones generales de contrataci\u00f3n que resulten de obligado cumplimiento.<\/p>\n<p><strong>Uso del portal<\/strong><\/p>\n<ol start=\"3\">\n<li>https:\/\/bv-oils.com\/ proporciona el acceso a multitud de informaciones, servicios, programas o datos (en adelante, \u00ablos contenidos\u00bb) en Internet pertenecientes a EL TITULAR o a sus licenciantes a los que el USUARIO pueda tener acceso.<\/li>\n<\/ol>\n<p>El USUARIO asume la responsabilidad del uso del portal de BV OILS SL. Dicha responsabilidad se extiende al registro que fuese necesario para acceder a determinados servicios o contenidos. En dicho registro el USUARIO ser\u00e1 responsable de aportar informaci\u00f3n veraz y l\u00edcita. Como consecuencia de este registro, al USUARIO se le puede proporcionar una contrase\u00f1a de la que ser\u00e1 responsable, comprometi\u00e9ndose a hacer un uso diligente y confidencial de la misma.<\/p>\n<p>El USUARIO se compromete a hacer un uso adecuado de los contenidos y servicios (por ejemplo, servicios de chat, foros de discusi\u00f3n o grupos de noticias) que EL TITULAR ofrece a trav\u00e9s de su portal BV OILS SL y con car\u00e1cter enunciativo pero no limitativo, a no emplearlos para:<\/p>\n<ul>\n<li>Realizar actividades il\u00edcitas, ilegales o contrarias a la buena fe y al orden p\u00fablico.<\/li>\n<li>Difundir contenidos o propaganda de car\u00e1cter racista, xen\u00f3fobo, pornogr\u00e1fico-ilegal, de apolog\u00eda del terrorismo o atentatorio contra los derechos humanos<\/li>\n<li>Provocar da\u00f1os en los sistemas f\u00edsicos y l\u00f3gicos de El TITULAR, de sus proveedores o de terceras personas, introducir o difundir en la red virus inform\u00e1ticos o cualesquiera otros sistemas f\u00edsicos o l\u00f3gicos que sean susceptibles de provocar los da\u00f1os anteriormente mencionados.<\/li>\n<li>Intentar acceder y, en su caso, utilizar las cuentas de correo electr\u00f3nico de otros usuarios y modificar o manipular sus mensajes.<\/li>\n<li>Utilizar el sitio web o la informaci\u00f3n contenida en el mismo con fines comerciales, pol\u00edticos, publicitarios y para cualquier uso comercial, especialmente el env\u00edo de correos electr\u00f3nicos no solicitados.<\/li>\n<\/ul>\n<p>EL TITULAR tiene derecho a retirar todos aquellos comentarios y aportaciones que vulneren el respeto a la dignidad de la persona, que sean discriminatorios, xen\u00f3fobos, racistas, pornogr\u00e1ficos, que atenten contra la juventud o la infancia, el orden o la seguridad p\u00fablica o que, a su juicio, no resultaran adecuados para su publicaci\u00f3n. En cualquier caso, EL TITULAR no ser\u00e1 responsable de las opiniones vertidas por los usuarios a trav\u00e9s de los foros, chats, u otras herramientas de participaci\u00f3n.<\/p>\n<p><strong>Protecci\u00f3n de datos<\/strong><\/p>\n<ol start=\"4\">\n<li>Todo lo relacionado con la pol\u00edtica de protecci\u00f3n de datos se incluye en el documento de pol\u00edtica de privacidad.<\/li>\n<\/ol>\n<p><strong>Contenidos. Propiedad intelectual e industrial<\/strong><\/p>\n<ol start=\"5\">\n<li>EL PROPIETARIO es titular de todos los derechos de propiedad intelectual e industrial de su p\u00e1gina web, as\u00ed como de los elementos contenidos en la misma (a t\u00edtulo enunciativo: im\u00e1genes, fotograf\u00edas, sonido, audio, v\u00eddeo, software o textos; marcas o logotipos, combinaciones de colores, estructura y dise\u00f1o, selecci\u00f3n de materiales usados, programas de ordenador necesarios para su funcionamiento, acceso y uso, etc.), titularidad de EL PROPIETARIO o bien de sus licenciantes.<\/li>\n<\/ol>\n<p>Todos los derechos reservados. En virtud de lo dispuesto en los art\u00edculos 8 y 32.1, p\u00e1rrafo segundo, de la Ley de Propiedad Intelectual, quedan prohibidas la reproducci\u00f3n, la distribuci\u00f3n y la comunicaci\u00f3n p\u00fablica, incluida su modalidad de puesta a disposici\u00f3n, de la totalidad o parte de los contenidos de esta p\u00e1gina web, con fines comerciales, en cualquier soporte y por cualquier medio t\u00e9cnico, sin la autorizaci\u00f3n de EL PROPIETARIO.<\/p>\n<p>El USUARIO se compromete a respetar los derechos de Propiedad Intelectual e Industrial titularidad de EL PROPIETARIO. Podr\u00e1 visualizar los elementos del portal BV OILS SL e incluso imprimirlos, copiarlos y almacenarlos en el disco duro de su ordenador o en cualquier otro soporte f\u00edsico siempre y cuando sea, \u00fanica y exclusivamente, para su uso personal y privado. El USUARIO deber\u00e1 abstenerse de suprimir, alterar, eludir o manipular cualquier dispositivo de protecci\u00f3n o sistema de seguridad que estuviera instalado en el las p\u00e1ginas de EL PROPIETARIO.<\/p>\n<p><strong>Exclusi\u00f3n de garant\u00edas y responsabilidad<\/strong><\/p>\n<ol start=\"6\">\n<li>El USUARIO reconoce que el uso del sitio web y de sus contenidos y servicios se realiza bajo su \u00fanica y exclusiva responsabilidad. En particular, y a modo ejemplificativo, EL TITULAR no asume responsabilidad alguna en los siguientes \u00e1mbitos:<\/li>\n<li>a) La disponibilidad del funcionamiento de la p\u00e1gina web, de sus servicios y contenidos y su calidad o interoperabilidad.<\/li>\n<li>b) La finalidad para la que la p\u00e1gina web sirva a los objetivos del USUARIO.<\/li>\n<li>c) La infracci\u00f3n de la legislaci\u00f3n vigente por parte del USUARIO o de terceros y, en concreto, de los derechos de propiedad intelectual o industrial pertenecientes a otras personas o entidades.<\/li>\n<li>d) La existencia de c\u00f3digo malicioso o cualquier otro elemento inform\u00e1tico da\u00f1ino que pudiera causar da\u00f1os en el sistema inform\u00e1tico del USUARIO o de terceros. Corresponde al USUARIO, en todo caso, la disponibilidad de herramientas adecuadas para la detecci\u00f3n y desinfecci\u00f3n de estos elementos.<\/li>\n<li>e) El acceso fraudulento a los contenidos o servicios por parte de terceros no autorizados o, en su caso, la captaci\u00f3n, borrado, alteraci\u00f3n, modificaci\u00f3n o manipulaci\u00f3n de los mensajes y comunicaciones de cualquier clase que puedan realizar dichos terceros.<\/li>\n<li>f) La exactitud, veracidad, actualidad y utilidad de los contenidos y servicios ofrecidos y el uso posterior que el USUARIO haga de los mismos. EL TITULAR realizar\u00e1 todos los esfuerzos razonables y emplear\u00e1 todos los medios a su alcance para facilitar informaci\u00f3n actualizada y fehaciente.<\/li>\n<li>g) Los da\u00f1os producidos en los equipos inform\u00e1ticos durante el acceso al sitio web y los da\u00f1os producidos a los USUARIOS cuando tengan su origen en fallos o desconexiones en las redes de telecomunicaciones que interrumpan el servicio.<\/li>\n<li>h) Los da\u00f1os o perjuicios derivados de circunstancias sobrevenidas por caso fortuito o fuerza mayor.<\/li>\n<\/ol>\n<p>En el caso de que existan foros, en el mismo u otros espacios similares, debe tenerse en cuenta que los mensajes reflejan \u00fanicamente la opini\u00f3n del USUARIO que los env\u00eda, que es el \u00fanico responsable. EL TITULAR no se hace responsable del contenido de los mensajes enviados por el USUARIO.<\/p>\n<p><strong>Modificaci\u00f3n del presente aviso legal y duraci\u00f3n<\/strong><\/p>\n<ol>\n<li>EL TITULAR se reserva el derecho de efectuar sin previo aviso las modificaciones que considere oportunas en el sitio web de BV OILS SL, pudiendo cambiar, suprimir o a\u00f1adir tanto los contenidos y servicios que se presten a trav\u00e9s de la misma como la forma en la que \u00e9stos aparezcan presentados o localizados en su sitio web.<\/li>\n<\/ol>\n<p>La vigencia de las citadas condiciones ir\u00e1 en funci\u00f3n de su exposici\u00f3n y estar\u00e1n vigentes hasta que sean modificadas por otras debidamente publicadas.<\/p>\n<p><strong>Links<\/strong><\/p>\n<ol start=\"2\">\n<li>En el caso de que en https:\/\/bv-oils.com\/ se dispusiesen enlaces o hiperv\u00ednculos hac\u00eda otros sitios de Internet, EL TITULAR no ejercer\u00e1 ning\u00fan tipo de control sobre dichos sitios y contenidos. En ning\u00fan caso EL TITULAR asumir\u00e1 responsabilidad alguna por los contenidos de alg\u00fan enlace perteneciente a un sitio web ajeno, ni garantizar\u00e1 la disponibilidad t\u00e9cnica, calidad, fiabilidad, exactitud, amplitud, veracidad, validez y constitucionalidad de cualquier material o informaci\u00f3n contenida en ninguno de dichos hiperv\u00ednculos u otros sitios de Internet. Igualmente la inclusi\u00f3n de estas conexiones externas no implicar\u00e1 ning\u00fan tipo de asociaci\u00f3n, fusi\u00f3n o participaci\u00f3n con las entidades conectadas.<\/li>\n<\/ol>\n<p><strong>Derecho de exclusi\u00f3n<\/strong><\/p>\n<ol start=\"3\">\n<li>EL TITULAR se reserva el derecho a denegar o retirar el acceso a la web de BV OILS SL y\/o los servicios ofrecidos sin necesidad de preaviso, a instancia propia o de un tercero, a aquellos usuarios que incumplan el contenido del presente aviso legal.<\/li>\n<\/ol>\n<p><strong>Generalidades<\/strong><\/p>\n<ol start=\"4\">\n<li>EL TITULAR perseguir\u00e1 el incumplimiento de las presentes condiciones as\u00ed como cualquier utilizaci\u00f3n indebida de la web de BV OILS SL ejerciendo todas las acciones civiles y penales que le puedan corresponder en derecho.<\/li>\n<\/ol>\n<p><strong>Legislaci\u00f3n y jurisdicci\u00f3n aplicables<\/strong><\/p>\n<ol start=\"5\">\n<li>La relaci\u00f3n entre EL TITULAR y el USUARIO se regir\u00e1 por la normativa espa\u00f1ola vigente. Todas las controversias y reclamaciones derivadas del presente aviso legal ser\u00e1n resueltas por los Juzgados y Tribunales competentes.<\/li>\n<\/ol>\n<p>Esta pol\u00edtica de cookies fue actualizada el 14 de junio de 2023 para adaptarse al Reglamento (UE) 2016\/679 del Parlamento Europeo y del Consejo, de 27 de abril de 2016 relativo a la protecci\u00f3n de las personas f\u00edsicas en lo que respecta al tratamiento de datos personales y a la libre circulaci\u00f3n de estos datos (RGPD)<\/p>\n","protected":false},"excerpt":{"rendered":"<p>AVISO LEGAL Datos de identificaci\u00f3n Est\u00e1 usted visitando el sitio web https:\/\/bv-oils.com\/ propiedad de BV OILS SL y con domicilio en Pla\u00e7a del nen de les Oques N2 Bx, Reus, 43202 Espanya con NIF n\u00ba B55607949,, (que en este documento se denomina &lt; &lt;el Propietario&gt;&gt;). La actividad no est\u00e1 sujeta a ninguna autorizaci\u00f3n administrativa previa. [&hellip;]<\/p>\n","protected":false},"author":1,"featured_media":0,"parent":0,"menu_order":0,"comment_status":"closed","ping_status":"closed","template":"","meta":{"_et_pb_use_builder":"","_et_pb_old_content":"","_et_gb_content_width":"","footnotes":""},"class_list":["post-1052","page","type-page","status-publish","hentry"],"yoast_head":"<!-- This site is optimized with the Yoast SEO plugin v27.5 - https:\/\/yoast.com\/product\/yoast-seo-wordpress\/ -->\n<title>AVISO LEGAL - BV Oils | Raw material trading company<\/title>\n<meta name=\"robots\" content=\"index, follow, max-snippet:-1, max-image-preview:large, max-video-preview:-1\" \/>\n<link rel=\"canonical\" href=\"https:\/\/bv-oils.com\/es\/aviso-legal\/\" \/>\n<meta property=\"og:locale\" content=\"es_ES\" \/>\n<meta property=\"og:type\" content=\"article\" \/>\n<meta property=\"og:title\" content=\"AVISO LEGAL - BV Oils | Raw material trading company\" \/>\n<meta property=\"og:description\" content=\"AVISO LEGAL Datos de identificaci\u00f3n Est\u00e1 usted visitando el sitio web https:\/\/bv-oils.com\/ propiedad de BV OILS SL y con domicilio en Pla\u00e7a del nen de les Oques N2 Bx, Reus, 43202 Espanya con NIF n\u00ba B55607949,, (que en este documento se denomina &lt; &lt;el Propietario&gt;&gt;). La actividad no est\u00e1 sujeta a ninguna autorizaci\u00f3n administrativa previa. [&hellip;]\" \/>\n<meta property=\"og:url\" content=\"https:\/\/bv-oils.com\/es\/aviso-legal\/\" \/>\n<meta property=\"og:site_name\" content=\"BV Oils | Raw material trading company\" \/>\n<meta property=\"article:modified_time\" content=\"2024-10-09T07:27:51+00:00\" \/>\n<meta property=\"og:image\" content=\"https:\/\/bv-oils.com\/wp-content\/uploads\/2024\/09\/46122-1024x939.jpg\" \/>\n\t<meta property=\"og:image:width\" content=\"1024\" \/>\n\t<meta property=\"og:image:height\" content=\"939\" \/>\n\t<meta property=\"og:image:type\" content=\"image\/jpeg\" \/>\n<meta name=\"twitter:label1\" content=\"Tiempo de lectura\" \/>\n\t<meta name=\"twitter:data1\" content=\"7 minutos\" \/>\n<script type=\"application\/ld+json\" class=\"yoast-schema-graph\">{\"@context\":\"https:\\\/\\\/schema.org\",\"@graph\":[{\"@type\":\"WebPage\",\"@id\":\"https:\\\/\\\/bv-oils.com\\\/es\\\/aviso-legal\\\/\",\"url\":\"https:\\\/\\\/bv-oils.com\\\/es\\\/aviso-legal\\\/\",\"name\":\"AVISO LEGAL - BV Oils | Raw material trading company\",\"isPartOf\":{\"@id\":\"https:\\\/\\\/bv-oils.com\\\/#website\"},\"datePublished\":\"2024-09-17T10:43:02+00:00\",\"dateModified\":\"2024-10-09T07:27:51+00:00\",\"breadcrumb\":{\"@id\":\"https:\\\/\\\/bv-oils.com\\\/es\\\/aviso-legal\\\/#breadcrumb\"},\"inLanguage\":\"es\",\"potentialAction\":[{\"@type\":\"ReadAction\",\"target\":[\"https:\\\/\\\/bv-oils.com\\\/es\\\/aviso-legal\\\/\"]}]},{\"@type\":\"BreadcrumbList\",\"@id\":\"https:\\\/\\\/bv-oils.com\\\/es\\\/aviso-legal\\\/#breadcrumb\",\"itemListElement\":[{\"@type\":\"ListItem\",\"position\":1,\"name\":\"Portada\",\"item\":\"https:\\\/\\\/bv-oils.com\\\/\"},{\"@type\":\"ListItem\",\"position\":2,\"name\":\"AVISO LEGAL\"}]},{\"@type\":\"WebSite\",\"@id\":\"https:\\\/\\\/bv-oils.com\\\/#website\",\"url\":\"https:\\\/\\\/bv-oils.com\\\/\",\"name\":\"BV Oils | Raw material trading company\",\"description\":\"We provide technical and commercial advice on biofuels and residual raw materials\",\"publisher\":{\"@id\":\"https:\\\/\\\/bv-oils.com\\\/#organization\"},\"alternateName\":\"BV Oils\",\"potentialAction\":[{\"@type\":\"SearchAction\",\"target\":{\"@type\":\"EntryPoint\",\"urlTemplate\":\"https:\\\/\\\/bv-oils.com\\\/?s={search_term_string}\"},\"query-input\":{\"@type\":\"PropertyValueSpecification\",\"valueRequired\":true,\"valueName\":\"search_term_string\"}}],\"inLanguage\":\"es\"},{\"@type\":\"Organization\",\"@id\":\"https:\\\/\\\/bv-oils.com\\\/#organization\",\"name\":\"BV Oils\",\"alternateName\":\"Raw Material trading company\",\"url\":\"https:\\\/\\\/bv-oils.com\\\/\",\"logo\":{\"@type\":\"ImageObject\",\"inLanguage\":\"es\",\"@id\":\"https:\\\/\\\/bv-oils.com\\\/#\\\/schema\\\/logo\\\/image\\\/\",\"url\":\"https:\\\/\\\/bv-oils.com\\\/wp-content\\\/uploads\\\/2024\\\/09\\\/cropped-petit.png\",\"contentUrl\":\"https:\\\/\\\/bv-oils.com\\\/wp-content\\\/uploads\\\/2024\\\/09\\\/cropped-petit.png\",\"width\":512,\"height\":512,\"caption\":\"BV Oils\"},\"image\":{\"@id\":\"https:\\\/\\\/bv-oils.com\\\/#\\\/schema\\\/logo\\\/image\\\/\"}}]}<\/script>\n<!-- \/ Yoast SEO plugin. -->","yoast_head_json":{"title":"AVISO LEGAL - BV Oils | Raw material trading company","robots":{"index":"index","follow":"follow","max-snippet":"max-snippet:-1","max-image-preview":"max-image-preview:large","max-video-preview":"max-video-preview:-1"},"canonical":"https:\/\/bv-oils.com\/es\/aviso-legal\/","og_locale":"es_ES","og_type":"article","og_title":"AVISO LEGAL - BV Oils | Raw material trading company","og_description":"AVISO LEGAL Datos de identificaci\u00f3n Est\u00e1 usted visitando el sitio web https:\/\/bv-oils.com\/ propiedad de BV OILS SL y con domicilio en Pla\u00e7a del nen de les Oques N2 Bx, Reus, 43202 Espanya con NIF n\u00ba B55607949,, (que en este documento se denomina &lt; &lt;el Propietario&gt;&gt;). La actividad no est\u00e1 sujeta a ninguna autorizaci\u00f3n administrativa previa. [&hellip;]","og_url":"https:\/\/bv-oils.com\/es\/aviso-legal\/","og_site_name":"BV Oils | Raw material trading company","article_modified_time":"2024-10-09T07:27:51+00:00","og_image":[{"width":1024,"height":939,"url":"https:\/\/bv-oils.com\/wp-content\/uploads\/2024\/09\/46122-1024x939.jpg","type":"image\/jpeg"}],"twitter_misc":{"Tiempo de lectura":"7 minutos"},"schema":{"@context":"https:\/\/schema.org","@graph":[{"@type":"WebPage","@id":"https:\/\/bv-oils.com\/es\/aviso-legal\/","url":"https:\/\/bv-oils.com\/es\/aviso-legal\/","name":"AVISO LEGAL - BV Oils | Raw material trading company","isPartOf":{"@id":"https:\/\/bv-oils.com\/#website"},"datePublished":"2024-09-17T10:43:02+00:00","dateModified":"2024-10-09T07:27:51+00:00","breadcrumb":{"@id":"https:\/\/bv-oils.com\/es\/aviso-legal\/#breadcrumb"},"inLanguage":"es","potentialAction":[{"@type":"ReadAction","target":["https:\/\/bv-oils.com\/es\/aviso-legal\/"]}]},{"@type":"BreadcrumbList","@id":"https:\/\/bv-oils.com\/es\/aviso-legal\/#breadcrumb","itemListElement":[{"@type":"ListItem","position":1,"name":"Portada","item":"https:\/\/bv-oils.com\/"},{"@type":"ListItem","position":2,"name":"AVISO LEGAL"}]},{"@type":"WebSite","@id":"https:\/\/bv-oils.com\/#website","url":"https:\/\/bv-oils.com\/","name":"BV Oils | Raw material trading company","description":"We provide technical and commercial advice on biofuels and residual raw materials","publisher":{"@id":"https:\/\/bv-oils.com\/#organization"},"alternateName":"BV Oils","potentialAction":[{"@type":"SearchAction","target":{"@type":"EntryPoint","urlTemplate":"https:\/\/bv-oils.com\/?s={search_term_string}"},"query-input":{"@type":"PropertyValueSpecification","valueRequired":true,"valueName":"search_term_string"}}],"inLanguage":"es"},{"@type":"Organization","@id":"https:\/\/bv-oils.com\/#organization","name":"BV Oils","alternateName":"Raw Material trading company","url":"https:\/\/bv-oils.com\/","logo":{"@type":"ImageObject","inLanguage":"es","@id":"https:\/\/bv-oils.com\/#\/schema\/logo\/image\/","url":"https:\/\/bv-oils.com\/wp-content\/uploads\/2024\/09\/cropped-petit.png","contentUrl":"https:\/\/bv-oils.com\/wp-content\/uploads\/2024\/09\/cropped-petit.png","width":512,"height":512,"caption":"BV Oils"},"image":{"@id":"https:\/\/bv-oils.com\/#\/schema\/logo\/image\/"}}]}},"_links":{"self":[{"href":"https:\/\/bv-oils.com\/es\/wp-json\/wp\/v2\/pages\/1052","targetHints":{"allow":["GET"]}}],"collection":[{"href":"https:\/\/bv-oils.com\/es\/wp-json\/wp\/v2\/pages"}],"about":[{"href":"https:\/\/bv-oils.com\/es\/wp-json\/wp\/v2\/types\/page"}],"author":[{"embeddable":true,"href":"https:\/\/bv-oils.com\/es\/wp-json\/wp\/v2\/users\/1"}],"replies":[{"embeddable":true,"href":"https:\/\/bv-oils.com\/es\/wp-json\/wp\/v2\/comments?post=1052"}],"version-history":[{"count":2,"href":"https:\/\/bv-oils.com\/es\/wp-json\/wp\/v2\/pages\/1052\/revisions"}],"predecessor-version":[{"id":1054,"href":"https:\/\/bv-oils.com\/es\/wp-json\/wp\/v2\/pages\/1052\/revisions\/1054"}],"wp:attachment":[{"href":"https:\/\/bv-oils.com\/es\/wp-json\/wp\/v2\/media?parent=1052"}],"curies":[{"name":"wp","href":"https:\/\/api.w.org\/{rel}","templated":true}]}}