{"id":1049,"date":"2024-09-17T12:44:44","date_gmt":"2024-09-17T10:44:44","guid":{"rendered":"https:\/\/bv-oils.com\/privacy-policy\/"},"modified":"2026-01-15T09:50:13","modified_gmt":"2026-01-15T08:50:13","slug":"politica-de-privacidad","status":"publish","type":"page","link":"https:\/\/bv-oils.com\/es\/politica-de-privacidad\/","title":{"rendered":"POL\u00cdTICA DE PRIVACIDAD"},"content":{"rendered":"<h3><strong><\/strong><\/h3>\r\n<h2 class=\"wp-block-heading\"><strong>Qui\u00e9nes somos<\/strong><\/h2>\r\n<p>Texto sugerido: La direcci\u00f3n de nuestro sitio web es: https:\/\/bv-oils.com\/<\/p>\r\n<h2><strong>Medios<\/strong><\/h2>\r\n<p>Texto sugerido: Si subes im\u00e1genes a la web, debes evitar subir im\u00e1genes con datos de localizaci\u00f3n (GPS EXIF) incluidos. Los visitantes del sitio web pueden descargar y extraer cualquier dato de localizaci\u00f3n de las im\u00e1genes del sitio web.<\/p>\r\n<h2><strong>Cookies<\/strong><\/h2>\r\n<p>Texto sugerido: Si deja un comentario en nuestro sitio, puede elegir guardar su nombre, correo electr\u00f3nico y direcci\u00f3n web en cookies. Esto es para su comodidad, para que no tenga que rellenar sus datos de nuevo cuando deje otro comentario. Estas cookies durar\u00e1n un a\u00f1o. Si tiene una cuenta e inicia sesi\u00f3n en este sitio, instalaremos una cookie temporal para determinar si su navegador acepta cookies. Esta cookie no contiene datos personales y se borra cuando cierra el navegador. Cuando inicie sesi\u00f3n, tambi\u00e9n instalaremos varias cookies para guardar sus datos de acceso y las opciones de visualizaci\u00f3n en pantalla. Las cookies de acceso duran dos d\u00edas, y las de opciones de pantalla, un a\u00f1o. Si selecciona \u00abRecordarme\u00bb, su acceso persistir\u00e1 durante dos semanas. Si sale de su cuenta, se eliminar\u00e1n las cookies de acceso. Si edita o publica un art\u00edculo, se almacenar\u00e1 una cookie adicional en su navegador. Esta cookie no incluye datos personales y simplemente indica el ID del art\u00edculo que acaba de editar. Caduca al cabo de 1 d\u00eda.<\/p>\r\n<h2><strong>Contenido incrustado de otros sitios web<\/strong><\/h2>\r\n<p>Texto sugerido: Los art\u00edculos de este sitio pueden incluir contenido incrustado (por ejemplo, v\u00eddeos, im\u00e1genes, art\u00edculos, etc.). El contenido incrustado de otros sitios web se comporta exactamente igual que si el visitante hubiera visitado el otro sitio web. Estos sitios web pueden recopilar datos sobre usted, utilizar cookies, incrustar seguimiento adicional de terceros y supervisar su interacci\u00f3n con ese contenido incrustado, incluido el seguimiento de su interacci\u00f3n con el contenido incrustado si tiene una cuenta y ha iniciado sesi\u00f3n en ese sitio web.<\/p>\r\n<h2><strong>\u00bfCon qui\u00e9n compartimos sus datos?<\/strong><\/h2>\r\n<p>Texto sugerido: Si solicitas un restablecimiento de contrase\u00f1a, tu direcci\u00f3n IP se incluir\u00e1 en el correo electr\u00f3nico de restablecimiento.<\/p>\r\n<h2><strong>Cu\u00e1nto tiempo conservamos sus datos<\/strong><\/h2>\r\n<p>Texto sugerido: Si dejas un comentario, el comentario y sus metadatos se conservan indefinidamente. Esto se hace para que podamos reconocer y aprobar autom\u00e1ticamente los comentarios posteriores, en lugar de mantenerlos en una cola de moderaci\u00f3n. En el caso de los usuarios que se registran en nuestro sitio web (si los hay), tambi\u00e9n almacenamos la informaci\u00f3n personal que proporcionan en su perfil de usuario. Todos los usuarios pueden ver, editar o borrar su informaci\u00f3n personal en cualquier momento (excepto que no pueden cambiar su nombre de usuario). Los administradores de la web tambi\u00e9n pueden ver y editar esa informaci\u00f3n.<\/p>\r\n<h2><strong>Qu\u00e9 derechos tiene sobre sus datos<\/strong><\/h2>\r\n<p>Texto sugerido: Si tiene una cuenta o ha dejado comentarios en este sitio web, puede solicitar que le enviemos un archivo exportado de los datos personales que tenemos sobre usted, incluidos los que nos haya facilitado. Tambi\u00e9n puede solicitar que eliminemos cualquier dato personal que tengamos sobre usted. Esto no incluye los datos que estamos obligados a conservar por motivos administrativos, legales o de seguridad.<\/p>\r\n<h2><strong>D\u00f3nde se env\u00edan sus datos<\/strong><\/h2>\r\n<p>Suggested text: Visitor comments may be checked by an automatic spam detection service. <span class=\"collapseomatic \" id=\"id69e37833b85e5\"  tabindex=\"0\" title=\"\u00ab\u00bb\"    >\u00ab\u00bb<\/span><div id=\"target-id69e37833b85e5\" class=\"collapseomatic_content \"> &lt;a href=\u00abhttps:\/\/www.instagram.com\/\u00bb&gt;&lt;\/a&gt; <\/div>","protected":false},"excerpt":{"rendered":"<p>Qui\u00e9nes somos Texto sugerido: La direcci\u00f3n de nuestro sitio web es: https:\/\/bv-oils.com\/ Medios Texto sugerido: Si subes im\u00e1genes a la web, debes evitar subir im\u00e1genes con datos de localizaci\u00f3n (GPS EXIF) incluidos. Los visitantes del sitio web pueden descargar y extraer cualquier dato de localizaci\u00f3n de las im\u00e1genes del sitio web. Cookies Texto sugerido: Si [&hellip;]<\/p>\n","protected":false},"author":1,"featured_media":0,"parent":0,"menu_order":0,"comment_status":"closed","ping_status":"closed","template":"","meta":{"_et_pb_use_builder":"","_et_pb_old_content":"","_et_gb_content_width":"","footnotes":""},"class_list":["post-1049","page","type-page","status-publish","hentry"],"yoast_head":"<!-- This site is optimized with the Yoast SEO plugin v27.4 - https:\/\/yoast.com\/product\/yoast-seo-wordpress\/ -->\n<title>POL\u00cdTICA DE PRIVACIDAD - BV Oils | Raw material trading company<\/title>\n<meta name=\"robots\" content=\"index, follow, max-snippet:-1, max-image-preview:large, max-video-preview:-1\" \/>\n<link rel=\"canonical\" href=\"https:\/\/bv-oils.com\/es\/politica-de-privacidad\/\" \/>\n<meta property=\"og:locale\" content=\"es_ES\" \/>\n<meta property=\"og:type\" content=\"article\" \/>\n<meta property=\"og:title\" content=\"POL\u00cdTICA DE PRIVACIDAD - BV Oils | Raw material trading company\" \/>\n<meta property=\"og:description\" content=\"Qui\u00e9nes somos Texto sugerido: La direcci\u00f3n de nuestro sitio web es: https:\/\/bv-oils.com\/ Medios Texto sugerido: Si subes im\u00e1genes a la web, debes evitar subir im\u00e1genes con datos de localizaci\u00f3n (GPS EXIF) incluidos. Los visitantes del sitio web pueden descargar y extraer cualquier dato de localizaci\u00f3n de las im\u00e1genes del sitio web. Cookies Texto sugerido: Si [&hellip;]\" \/>\n<meta property=\"og:url\" content=\"https:\/\/bv-oils.com\/es\/politica-de-privacidad\/\" \/>\n<meta property=\"og:site_name\" content=\"BV Oils | Raw material trading company\" \/>\n<meta property=\"article:modified_time\" content=\"2026-01-15T08:50:13+00:00\" \/>\n<meta property=\"og:image\" content=\"https:\/\/bv-oils.com\/wp-content\/uploads\/2024\/09\/46122-1024x939.jpg\" \/>\n\t<meta property=\"og:image:width\" content=\"1024\" \/>\n\t<meta property=\"og:image:height\" content=\"939\" \/>\n\t<meta property=\"og:image:type\" content=\"image\/jpeg\" \/>\n<meta name=\"twitter:label1\" content=\"Tiempo de lectura\" \/>\n\t<meta name=\"twitter:data1\" content=\"3 minutos\" \/>\n<script type=\"application\/ld+json\" class=\"yoast-schema-graph\">{\"@context\":\"https:\\\/\\\/schema.org\",\"@graph\":[{\"@type\":\"WebPage\",\"@id\":\"https:\\\/\\\/bv-oils.com\\\/es\\\/politica-de-privacidad\\\/\",\"url\":\"https:\\\/\\\/bv-oils.com\\\/es\\\/politica-de-privacidad\\\/\",\"name\":\"POL\u00cdTICA DE PRIVACIDAD - BV Oils | Raw material trading company\",\"isPartOf\":{\"@id\":\"https:\\\/\\\/bv-oils.com\\\/#website\"},\"datePublished\":\"2024-09-17T10:44:44+00:00\",\"dateModified\":\"2026-01-15T08:50:13+00:00\",\"breadcrumb\":{\"@id\":\"https:\\\/\\\/bv-oils.com\\\/es\\\/politica-de-privacidad\\\/#breadcrumb\"},\"inLanguage\":\"es\",\"potentialAction\":[{\"@type\":\"ReadAction\",\"target\":[\"https:\\\/\\\/bv-oils.com\\\/es\\\/politica-de-privacidad\\\/\"]}]},{\"@type\":\"BreadcrumbList\",\"@id\":\"https:\\\/\\\/bv-oils.com\\\/es\\\/politica-de-privacidad\\\/#breadcrumb\",\"itemListElement\":[{\"@type\":\"ListItem\",\"position\":1,\"name\":\"Portada\",\"item\":\"https:\\\/\\\/bv-oils.com\\\/\"},{\"@type\":\"ListItem\",\"position\":2,\"name\":\"POL\u00cdTICA DE PRIVACIDAD\"}]},{\"@type\":\"WebSite\",\"@id\":\"https:\\\/\\\/bv-oils.com\\\/#website\",\"url\":\"https:\\\/\\\/bv-oils.com\\\/\",\"name\":\"BV Oils | Raw material trading company\",\"description\":\"We provide technical and commercial advice on biofuels and residual raw materials\",\"publisher\":{\"@id\":\"https:\\\/\\\/bv-oils.com\\\/#organization\"},\"alternateName\":\"BV Oils\",\"potentialAction\":[{\"@type\":\"SearchAction\",\"target\":{\"@type\":\"EntryPoint\",\"urlTemplate\":\"https:\\\/\\\/bv-oils.com\\\/?s={search_term_string}\"},\"query-input\":{\"@type\":\"PropertyValueSpecification\",\"valueRequired\":true,\"valueName\":\"search_term_string\"}}],\"inLanguage\":\"es\"},{\"@type\":\"Organization\",\"@id\":\"https:\\\/\\\/bv-oils.com\\\/#organization\",\"name\":\"BV Oils\",\"alternateName\":\"Raw Material trading company\",\"url\":\"https:\\\/\\\/bv-oils.com\\\/\",\"logo\":{\"@type\":\"ImageObject\",\"inLanguage\":\"es\",\"@id\":\"https:\\\/\\\/bv-oils.com\\\/#\\\/schema\\\/logo\\\/image\\\/\",\"url\":\"https:\\\/\\\/bv-oils.com\\\/wp-content\\\/uploads\\\/2024\\\/09\\\/cropped-petit.png\",\"contentUrl\":\"https:\\\/\\\/bv-oils.com\\\/wp-content\\\/uploads\\\/2024\\\/09\\\/cropped-petit.png\",\"width\":512,\"height\":512,\"caption\":\"BV Oils\"},\"image\":{\"@id\":\"https:\\\/\\\/bv-oils.com\\\/#\\\/schema\\\/logo\\\/image\\\/\"}}]}<\/script>\n<!-- \/ Yoast SEO plugin. -->","yoast_head_json":{"title":"POL\u00cdTICA DE PRIVACIDAD - BV Oils | Raw material trading company","robots":{"index":"index","follow":"follow","max-snippet":"max-snippet:-1","max-image-preview":"max-image-preview:large","max-video-preview":"max-video-preview:-1"},"canonical":"https:\/\/bv-oils.com\/es\/politica-de-privacidad\/","og_locale":"es_ES","og_type":"article","og_title":"POL\u00cdTICA DE PRIVACIDAD - BV Oils | Raw material trading company","og_description":"Qui\u00e9nes somos Texto sugerido: La direcci\u00f3n de nuestro sitio web es: https:\/\/bv-oils.com\/ Medios Texto sugerido: Si subes im\u00e1genes a la web, debes evitar subir im\u00e1genes con datos de localizaci\u00f3n (GPS EXIF) incluidos. Los visitantes del sitio web pueden descargar y extraer cualquier dato de localizaci\u00f3n de las im\u00e1genes del sitio web. Cookies Texto sugerido: Si [&hellip;]","og_url":"https:\/\/bv-oils.com\/es\/politica-de-privacidad\/","og_site_name":"BV Oils | Raw material trading company","article_modified_time":"2026-01-15T08:50:13+00:00","og_image":[{"width":1024,"height":939,"url":"https:\/\/bv-oils.com\/wp-content\/uploads\/2024\/09\/46122-1024x939.jpg","type":"image\/jpeg"}],"twitter_misc":{"Tiempo de lectura":"3 minutos"},"schema":{"@context":"https:\/\/schema.org","@graph":[{"@type":"WebPage","@id":"https:\/\/bv-oils.com\/es\/politica-de-privacidad\/","url":"https:\/\/bv-oils.com\/es\/politica-de-privacidad\/","name":"POL\u00cdTICA DE PRIVACIDAD - BV Oils | Raw material trading company","isPartOf":{"@id":"https:\/\/bv-oils.com\/#website"},"datePublished":"2024-09-17T10:44:44+00:00","dateModified":"2026-01-15T08:50:13+00:00","breadcrumb":{"@id":"https:\/\/bv-oils.com\/es\/politica-de-privacidad\/#breadcrumb"},"inLanguage":"es","potentialAction":[{"@type":"ReadAction","target":["https:\/\/bv-oils.com\/es\/politica-de-privacidad\/"]}]},{"@type":"BreadcrumbList","@id":"https:\/\/bv-oils.com\/es\/politica-de-privacidad\/#breadcrumb","itemListElement":[{"@type":"ListItem","position":1,"name":"Portada","item":"https:\/\/bv-oils.com\/"},{"@type":"ListItem","position":2,"name":"POL\u00cdTICA DE PRIVACIDAD"}]},{"@type":"WebSite","@id":"https:\/\/bv-oils.com\/#website","url":"https:\/\/bv-oils.com\/","name":"BV Oils | Raw material trading company","description":"We provide technical and commercial advice on biofuels and residual raw materials","publisher":{"@id":"https:\/\/bv-oils.com\/#organization"},"alternateName":"BV Oils","potentialAction":[{"@type":"SearchAction","target":{"@type":"EntryPoint","urlTemplate":"https:\/\/bv-oils.com\/?s={search_term_string}"},"query-input":{"@type":"PropertyValueSpecification","valueRequired":true,"valueName":"search_term_string"}}],"inLanguage":"es"},{"@type":"Organization","@id":"https:\/\/bv-oils.com\/#organization","name":"BV Oils","alternateName":"Raw Material trading company","url":"https:\/\/bv-oils.com\/","logo":{"@type":"ImageObject","inLanguage":"es","@id":"https:\/\/bv-oils.com\/#\/schema\/logo\/image\/","url":"https:\/\/bv-oils.com\/wp-content\/uploads\/2024\/09\/cropped-petit.png","contentUrl":"https:\/\/bv-oils.com\/wp-content\/uploads\/2024\/09\/cropped-petit.png","width":512,"height":512,"caption":"BV Oils"},"image":{"@id":"https:\/\/bv-oils.com\/#\/schema\/logo\/image\/"}}]}},"_links":{"self":[{"href":"https:\/\/bv-oils.com\/es\/wp-json\/wp\/v2\/pages\/1049","targetHints":{"allow":["GET"]}}],"collection":[{"href":"https:\/\/bv-oils.com\/es\/wp-json\/wp\/v2\/pages"}],"about":[{"href":"https:\/\/bv-oils.com\/es\/wp-json\/wp\/v2\/types\/page"}],"author":[{"embeddable":true,"href":"https:\/\/bv-oils.com\/es\/wp-json\/wp\/v2\/users\/1"}],"replies":[{"embeddable":true,"href":"https:\/\/bv-oils.com\/es\/wp-json\/wp\/v2\/comments?post=1049"}],"version-history":[{"count":3,"href":"https:\/\/bv-oils.com\/es\/wp-json\/wp\/v2\/pages\/1049\/revisions"}],"predecessor-version":[{"id":1277,"href":"https:\/\/bv-oils.com\/es\/wp-json\/wp\/v2\/pages\/1049\/revisions\/1277"}],"wp:attachment":[{"href":"https:\/\/bv-oils.com\/es\/wp-json\/wp\/v2\/media?parent=1049"}],"curies":[{"name":"wp","href":"https:\/\/api.w.org\/{rel}","templated":true}]}}