{"id":1047,"date":"2024-09-17T12:52:40","date_gmt":"2024-09-17T10:52:40","guid":{"rendered":"https:\/\/bv-oils.com\/site-map\/"},"modified":"2024-10-09T09:20:20","modified_gmt":"2024-10-09T07:20:20","slug":"mapa-del-sitio","status":"publish","type":"page","link":"https:\/\/bv-oils.com\/es\/mapa-del-sitio\/","title":{"rendered":"MAPA DEL SITIO"},"content":{"rendered":"<p><strong><div class=\"wsp-container\"><h2 class=\"wsp-pages-title\">P\u00e1ginas<\/h2>\n<ul class=\"wsp-pages-list\">\n<li class=\"page_item page-item-1047\"><a href=\"https:\/\/bv-oils.com\/es\/mapa-del-sitio\/\">MAPA DEL SITIO<\/a><\/li>\n<li class=\"page_item page-item-1060\"><a href=\"https:\/\/bv-oils.com\/es\/declaracion-de-accesibilidad\/\">DECLARACI\u00d3N DE ACCESIBILIDAD<\/a><\/li>\n<li class=\"page_item page-item-1055\"><a href=\"https:\/\/bv-oils.com\/es\/politica-de-cookies\/\">POL\u00cdTICA DE COOKIES<\/a><\/li>\n<li class=\"page_item page-item-1049\"><a href=\"https:\/\/bv-oils.com\/es\/politica-de-privacidad\/\">POL\u00cdTICA DE PRIVACIDAD<\/a><\/li>\n<li class=\"page_item page-item-1052\"><a href=\"https:\/\/bv-oils.com\/es\/aviso-legal\/\">AVISO LEGAL<\/a><\/li>\n<li class=\"page_item page-item-1022\"><a href=\"https:\/\/bv-oils.com\/es\/biocarburantes\/\">BIOCARBURANTES<\/a><\/li>\n<li class=\"page_item page-item-1034\"><a href=\"https:\/\/bv-oils.com\/es\/alimentacion\/\">ALIMENTACI\u00d3N<\/a><\/li>\n<li class=\"page_item page-item-1026\"><a href=\"https:\/\/bv-oils.com\/es\/oleoquimico\/\">OLEOQU\u00cdMICO<\/a><\/li>\n<li class=\"page_item page-item-1030\"><a href=\"https:\/\/bv-oils.com\/es\/alimentacion-animal\/\">ALIMENTACI\u00d3N ANIMAL<\/a><\/li>\n<li class=\"page_item page-item-1012\"><a href=\"https:\/\/bv-oils.com\/es\/\">HOME<\/a><\/li>\n<li class=\"page_item page-item-1038\"><a href=\"https:\/\/bv-oils.com\/es\/noticias\/\">NOTICIAS<\/a><\/li>\n<li class=\"page_item page-item-1043\"><a href=\"https:\/\/bv-oils.com\/es\/contacto\/\">CONTACTO<\/a><\/li>\n<li class=\"page_item page-item-1017\"><a href=\"https:\/\/bv-oils.com\/es\/sobre-nosotros\/\">SOBRE NOSOTROS<\/a><\/li>\n<\/ul>\n<\/div><\/strong><\/p>\n<div class=\"wsp-container\"><h2 class=\"wsp-posts-title\">Posts por categor\u00eda<\/h2>\n<ul class=\"wsp-posts-list\">\n\t<li><strong class=\"wsp-category-title\">Category: <a href=\"https:\/\/bv-oils.com\/es\/category\/blog-es\/\">BLOG<\/a><\/strong>\n<ul class=\"wsp-posts-list\">\t\t<li class=\"wsp-post\"><a href=\"https:\/\/bv-oils.com\/es\/aceites-vida-util\/\">\u00bfQu\u00e9 factores afectan la vida \u00fatil de un aceite vegetal?<\/a><\/li>\n\t\t<li class=\"wsp-post\"><a href=\"https:\/\/bv-oils.com\/es\/perfil-lipidico\/\">El papel del perfil lip\u00eddico en la formulaci\u00f3n de aceites vegetales<\/a><\/li>\n\t\t<li class=\"wsp-post\"><a href=\"https:\/\/bv-oils.com\/es\/glicerina-el-subproducto-esencial-con-multiples-aplicaciones\/\">Glicerina: el subproducto esencial con m\u00faltiples aplicaciones<\/a><\/li>\n\t\t<li class=\"wsp-post\"><a href=\"https:\/\/bv-oils.com\/es\/que-significa-que-un-aceite-vegetal-sea-refinado\/\">\u00bfQu\u00e9 significa que un aceite vegetal sea refinado? Beneficios y proceso<\/a><\/li>\n\t\t<li class=\"wsp-post\"><a href=\"https:\/\/bv-oils.com\/es\/de-los-residuos-a-la-energia-como-bv-oils-convierte-materias-primas-sostenibles-en-biocombustibles\/\">De los residuos a la energ\u00eda: C\u00f3mo BV-Oils convierte materias primas sostenibles en biocombustibles<\/a><\/li>\n\t\t<li class=\"wsp-post\"><a href=\"https:\/\/bv-oils.com\/es\/que-es-el-pome-y-como-se-utiliza-en-la-produccion-de-biocombustibles\/\">\u00bfQu\u00e9 es el POME y c\u00f3mo se utiliza en la producci\u00f3n de biocombustibles?<\/a><\/li>\n\t\t<li class=\"wsp-post\"><a href=\"https:\/\/bv-oils.com\/es\/del-residuo-al-combustible-como-se-transforma-el-aceite-usado-en-biodiesel\/\">Del residuo al combustible: c\u00f3mo se transforma el aceite usado en biodi\u00e9sel<\/a><\/li>\n\t\t<li class=\"wsp-post\"><a href=\"https:\/\/bv-oils.com\/es\/que-son-los-biocombustibles-avanzados\/\">\u00bfQu\u00e9 son los biocombustibles avanzados y por qu\u00e9 son clave para la transici\u00f3n energ\u00e9tica?<\/a><\/li>\n\t\t<li class=\"wsp-post\"><a href=\"https:\/\/bv-oils.com\/es\/saf-el-combustible-del-futuro-para-la-aviacion-sostenible\/\">SAF el combustible del futuro para la aviaci\u00f3n sostenible<\/a><\/li>\n\t\t<li class=\"wsp-post\"><a href=\"https:\/\/bv-oils.com\/es\/trazabilidad-en-los-aceites-vegetales-para-consumo-humano\/\">La importancia de la trazabilidad en los aceites vegetales para consumo humano<\/a><\/li>\n\t\t<li class=\"wsp-post\"><a href=\"https:\/\/bv-oils.com\/es\/sostenibilidad-y-economia-circular-en-la-industria-de-los-biocombustibles\/\">Sostenibilidad y econom\u00eda circular en la industria de los biocombustibles<\/a><\/li>\n\t\t<li class=\"wsp-post\"><a href=\"https:\/\/bv-oils.com\/es\/diferencia-entre-aceite-de-oliva-virgen-y-aceite-de-oliva-virgen-extra-cual-elegir\/\">Diferencia entre aceite de oliva virgen y aceite de oliva virgen extra \u00bfCu\u00e1l elegir?<\/a><\/li>\n\t\t<li class=\"wsp-post\"><a href=\"https:\/\/bv-oils.com\/es\/segunda-generacion\/\">\u00bfQu\u00e9 es el biocombustible de segunda generaci\u00f3n y por qu\u00e9 es esencial para un futuro sostenible?<\/a><\/li>\n\t\t<li class=\"wsp-post\"><a href=\"https:\/\/bv-oils.com\/es\/la-importancia-de-los-aceites-vegetales-y-grasas-animales-en-la-nutricion-animal-por-que-elegir-bv-oils\/\">La importancia de los aceites vegetales y grasas animales en la nutrici\u00f3n animal: \u00bfPor qu\u00e9 elegir BV-Oils?<\/a><\/li>\n\t\t<li class=\"wsp-post\"><a href=\"https:\/\/bv-oils.com\/es\/que-es-la-certificacion-iscc-eu-y-por-que-es-clave-para-los-biocombustibles-sostenibles\/\">\u00bfQu\u00e9 es la certificaci\u00f3n ISCC EU y por qu\u00e9 es clave para los biocombustibles sostenibles?<\/a><\/li>\n\t\t<li class=\"wsp-post\"><a href=\"https:\/\/bv-oils.com\/es\/how-biofuels-can-help-industries-meet-climate-goals\/\">C\u00f3mo los biocombustibles pueden ayudar a cumplir con los objetivos clim\u00e1ticos<\/a><\/li>\n\t\t<li class=\"wsp-post\"><a href=\"https:\/\/bv-oils.com\/es\/la-transicion-energetica-y-el-papel-de-los-biocombustibles-en-un-futuro-sostenible\/\">La transici\u00f3n energ\u00e9tica y el papel de los biocombustibles en un futuro sostenible<\/a><\/li>\n\t\t<li class=\"wsp-post\"><a href=\"https:\/\/bv-oils.com\/es\/aceite-de-cocina-usado-uco-convertir-los-residuos-en-biocombustibles-sostenibles\/\">Aceite de cocina usado (UCO): Convertir los residuos en biocombustibles sostenibles<\/a><\/li>\n\t\t<li class=\"wsp-post\"><a href=\"https:\/\/bv-oils.com\/es\/hvo-una-alternativa-renovable-superior-al-gasoleo\/\">HVO: una alternativa renovable superior al gas\u00f3leo<\/a><\/li>\n\t\t<li class=\"wsp-post\"><a href=\"https:\/\/bv-oils.com\/es\/evolucion-e-impacto-del-comercio-de-materias-primas\/\">Evoluci\u00f3n e impacto del comercio de materias primas<\/a><\/li>\n\t\t<li class=\"wsp-post\"><a href=\"https:\/\/bv-oils.com\/es\/productos-de-la-industria-oleoquimica\/\">Productos de la industria oleoqu\u00edmica<\/a><\/li>\n<\/ul><\/li>\n\t<li><strong class=\"wsp-category-title\">Category: <a href=\"https:\/\/bv-oils.com\/es\/category\/sin-categorizar\/\">Sin categorizar<\/a><\/strong>\n<ul class=\"wsp-posts-list\">\t\t<li class=\"wsp-post\"><a href=\"https:\/\/bv-oils.com\/es\/sostenibilidad-trazabilidad\/\">Sostenibilidad y trazabilidad: del origen al tanque<\/a><\/li>\n\t\t<li class=\"wsp-post\"><a href=\"https:\/\/bv-oils.com\/es\/aceites-premium-como-garantizamos-la-maxima-estabilidad-oxidativa\/\">Aceites premium: c\u00f3mo garantizamos la m\u00e1xima estabilidad oxidativa<\/a><\/li>\n\t\t<li class=\"wsp-post\"><a href=\"https:\/\/bv-oils.com\/es\/como-elegir-el-mejor-aceite-vegetal-para-la-alimentacion-animal\/\">\u00bfC\u00f3mo elegir el mejor aceite vegetal para la alimentaci\u00f3n animal?<\/a><\/li>\n<\/ul><\/li>\n<\/ul>\n<\/div>\n","protected":false},"excerpt":{"rendered":"","protected":false},"author":1,"featured_media":0,"parent":0,"menu_order":0,"comment_status":"closed","ping_status":"closed","template":"","meta":{"_et_pb_use_builder":"","_et_pb_old_content":"","_et_gb_content_width":"","footnotes":""},"class_list":["post-1047","page","type-page","status-publish","hentry"],"yoast_head":"<!-- This site is optimized with the Yoast SEO plugin v27.4 - https:\/\/yoast.com\/product\/yoast-seo-wordpress\/ -->\n<title>MAPA DEL SITIO - BV Oils | Raw material trading company<\/title>\n<meta name=\"robots\" content=\"index, follow, max-snippet:-1, max-image-preview:large, max-video-preview:-1\" \/>\n<link rel=\"canonical\" href=\"https:\/\/bv-oils.com\/es\/mapa-del-sitio\/\" \/>\n<meta property=\"og:locale\" content=\"es_ES\" \/>\n<meta property=\"og:type\" content=\"article\" \/>\n<meta property=\"og:title\" content=\"MAPA DEL SITIO - BV Oils | Raw material trading company\" \/>\n<meta property=\"og:url\" content=\"https:\/\/bv-oils.com\/es\/mapa-del-sitio\/\" \/>\n<meta property=\"og:site_name\" content=\"BV Oils | Raw material trading company\" \/>\n<meta property=\"article:modified_time\" content=\"2024-10-09T07:20:20+00:00\" \/>\n<meta property=\"og:image\" content=\"https:\/\/bv-oils.com\/wp-content\/uploads\/2024\/09\/46122-1024x939.jpg\" \/>\n\t<meta property=\"og:image:width\" content=\"1024\" \/>\n\t<meta property=\"og:image:height\" content=\"939\" \/>\n\t<meta property=\"og:image:type\" content=\"image\/jpeg\" \/>\n<meta name=\"twitter:label1\" content=\"Tiempo de lectura\" \/>\n\t<meta name=\"twitter:data1\" content=\"1 minuto\" \/>\n<script type=\"application\/ld+json\" class=\"yoast-schema-graph\">{\"@context\":\"https:\\\/\\\/schema.org\",\"@graph\":[{\"@type\":\"WebPage\",\"@id\":\"https:\\\/\\\/bv-oils.com\\\/es\\\/mapa-del-sitio\\\/\",\"url\":\"https:\\\/\\\/bv-oils.com\\\/es\\\/mapa-del-sitio\\\/\",\"name\":\"MAPA DEL SITIO - BV Oils | Raw material trading company\",\"isPartOf\":{\"@id\":\"https:\\\/\\\/bv-oils.com\\\/#website\"},\"datePublished\":\"2024-09-17T10:52:40+00:00\",\"dateModified\":\"2024-10-09T07:20:20+00:00\",\"breadcrumb\":{\"@id\":\"https:\\\/\\\/bv-oils.com\\\/es\\\/mapa-del-sitio\\\/#breadcrumb\"},\"inLanguage\":\"es\",\"potentialAction\":[{\"@type\":\"ReadAction\",\"target\":[\"https:\\\/\\\/bv-oils.com\\\/es\\\/mapa-del-sitio\\\/\"]}]},{\"@type\":\"BreadcrumbList\",\"@id\":\"https:\\\/\\\/bv-oils.com\\\/es\\\/mapa-del-sitio\\\/#breadcrumb\",\"itemListElement\":[{\"@type\":\"ListItem\",\"position\":1,\"name\":\"Portada\",\"item\":\"https:\\\/\\\/bv-oils.com\\\/\"},{\"@type\":\"ListItem\",\"position\":2,\"name\":\"MAPA DEL SITIO\"}]},{\"@type\":\"WebSite\",\"@id\":\"https:\\\/\\\/bv-oils.com\\\/#website\",\"url\":\"https:\\\/\\\/bv-oils.com\\\/\",\"name\":\"BV Oils | Raw material trading company\",\"description\":\"We provide technical and commercial advice on biofuels and residual raw materials\",\"publisher\":{\"@id\":\"https:\\\/\\\/bv-oils.com\\\/#organization\"},\"alternateName\":\"BV Oils\",\"potentialAction\":[{\"@type\":\"SearchAction\",\"target\":{\"@type\":\"EntryPoint\",\"urlTemplate\":\"https:\\\/\\\/bv-oils.com\\\/?s={search_term_string}\"},\"query-input\":{\"@type\":\"PropertyValueSpecification\",\"valueRequired\":true,\"valueName\":\"search_term_string\"}}],\"inLanguage\":\"es\"},{\"@type\":\"Organization\",\"@id\":\"https:\\\/\\\/bv-oils.com\\\/#organization\",\"name\":\"BV Oils\",\"alternateName\":\"Raw Material trading company\",\"url\":\"https:\\\/\\\/bv-oils.com\\\/\",\"logo\":{\"@type\":\"ImageObject\",\"inLanguage\":\"es\",\"@id\":\"https:\\\/\\\/bv-oils.com\\\/#\\\/schema\\\/logo\\\/image\\\/\",\"url\":\"https:\\\/\\\/bv-oils.com\\\/wp-content\\\/uploads\\\/2024\\\/09\\\/cropped-petit.png\",\"contentUrl\":\"https:\\\/\\\/bv-oils.com\\\/wp-content\\\/uploads\\\/2024\\\/09\\\/cropped-petit.png\",\"width\":512,\"height\":512,\"caption\":\"BV Oils\"},\"image\":{\"@id\":\"https:\\\/\\\/bv-oils.com\\\/#\\\/schema\\\/logo\\\/image\\\/\"}}]}<\/script>\n<!-- \/ Yoast SEO plugin. -->","yoast_head_json":{"title":"MAPA DEL SITIO - BV Oils | Raw material trading company","robots":{"index":"index","follow":"follow","max-snippet":"max-snippet:-1","max-image-preview":"max-image-preview:large","max-video-preview":"max-video-preview:-1"},"canonical":"https:\/\/bv-oils.com\/es\/mapa-del-sitio\/","og_locale":"es_ES","og_type":"article","og_title":"MAPA DEL SITIO - BV Oils | Raw material trading company","og_url":"https:\/\/bv-oils.com\/es\/mapa-del-sitio\/","og_site_name":"BV Oils | Raw material trading company","article_modified_time":"2024-10-09T07:20:20+00:00","og_image":[{"width":1024,"height":939,"url":"https:\/\/bv-oils.com\/wp-content\/uploads\/2024\/09\/46122-1024x939.jpg","type":"image\/jpeg"}],"twitter_misc":{"Tiempo de lectura":"1 minuto"},"schema":{"@context":"https:\/\/schema.org","@graph":[{"@type":"WebPage","@id":"https:\/\/bv-oils.com\/es\/mapa-del-sitio\/","url":"https:\/\/bv-oils.com\/es\/mapa-del-sitio\/","name":"MAPA DEL SITIO - BV Oils | Raw material trading company","isPartOf":{"@id":"https:\/\/bv-oils.com\/#website"},"datePublished":"2024-09-17T10:52:40+00:00","dateModified":"2024-10-09T07:20:20+00:00","breadcrumb":{"@id":"https:\/\/bv-oils.com\/es\/mapa-del-sitio\/#breadcrumb"},"inLanguage":"es","potentialAction":[{"@type":"ReadAction","target":["https:\/\/bv-oils.com\/es\/mapa-del-sitio\/"]}]},{"@type":"BreadcrumbList","@id":"https:\/\/bv-oils.com\/es\/mapa-del-sitio\/#breadcrumb","itemListElement":[{"@type":"ListItem","position":1,"name":"Portada","item":"https:\/\/bv-oils.com\/"},{"@type":"ListItem","position":2,"name":"MAPA DEL SITIO"}]},{"@type":"WebSite","@id":"https:\/\/bv-oils.com\/#website","url":"https:\/\/bv-oils.com\/","name":"BV Oils | Raw material trading company","description":"We provide technical and commercial advice on biofuels and residual raw materials","publisher":{"@id":"https:\/\/bv-oils.com\/#organization"},"alternateName":"BV Oils","potentialAction":[{"@type":"SearchAction","target":{"@type":"EntryPoint","urlTemplate":"https:\/\/bv-oils.com\/?s={search_term_string}"},"query-input":{"@type":"PropertyValueSpecification","valueRequired":true,"valueName":"search_term_string"}}],"inLanguage":"es"},{"@type":"Organization","@id":"https:\/\/bv-oils.com\/#organization","name":"BV Oils","alternateName":"Raw Material trading company","url":"https:\/\/bv-oils.com\/","logo":{"@type":"ImageObject","inLanguage":"es","@id":"https:\/\/bv-oils.com\/#\/schema\/logo\/image\/","url":"https:\/\/bv-oils.com\/wp-content\/uploads\/2024\/09\/cropped-petit.png","contentUrl":"https:\/\/bv-oils.com\/wp-content\/uploads\/2024\/09\/cropped-petit.png","width":512,"height":512,"caption":"BV Oils"},"image":{"@id":"https:\/\/bv-oils.com\/#\/schema\/logo\/image\/"}}]}},"_links":{"self":[{"href":"https:\/\/bv-oils.com\/es\/wp-json\/wp\/v2\/pages\/1047","targetHints":{"allow":["GET"]}}],"collection":[{"href":"https:\/\/bv-oils.com\/es\/wp-json\/wp\/v2\/pages"}],"about":[{"href":"https:\/\/bv-oils.com\/es\/wp-json\/wp\/v2\/types\/page"}],"author":[{"embeddable":true,"href":"https:\/\/bv-oils.com\/es\/wp-json\/wp\/v2\/users\/1"}],"replies":[{"embeddable":true,"href":"https:\/\/bv-oils.com\/es\/wp-json\/wp\/v2\/comments?post=1047"}],"version-history":[{"count":1,"href":"https:\/\/bv-oils.com\/es\/wp-json\/wp\/v2\/pages\/1047\/revisions"}],"predecessor-version":[{"id":1048,"href":"https:\/\/bv-oils.com\/es\/wp-json\/wp\/v2\/pages\/1047\/revisions\/1048"}],"wp:attachment":[{"href":"https:\/\/bv-oils.com\/es\/wp-json\/wp\/v2\/media?parent=1047"}],"curies":[{"name":"wp","href":"https:\/\/api.w.org\/{rel}","templated":true}]}}