{"id":1038,"date":"2024-08-30T09:08:17","date_gmt":"2024-08-30T07:08:17","guid":{"rendered":"https:\/\/bv-oils.com\/news\/"},"modified":"2024-10-09T11:12:16","modified_gmt":"2024-10-09T09:12:16","slug":"noticias","status":"publish","type":"page","link":"https:\/\/bv-oils.com\/es\/noticias\/","title":{"rendered":"NOTICIAS"},"content":{"rendered":"[et_pb_section fb_built=\u00bb1&#8243; admin_label=\u00bbAbout us\u00bb _builder_version=\u00bb4.16&#8243; custom_padding=\u00bb27px||0px|||\u00bb locked=\u00bboff\u00bb global_colors_info=\u00bb{}\u00bb][et_pb_row column_structure=\u00bb1_2,1_2&#8243; _builder_version=\u00bb4.16&#8243; width=\u00bb100%\u00bb max_width=\u00bb100%\u00bb min_height=\u00bb602.1px\u00bb custom_margin=\u00bb-28px|auto||auto||\u00bb custom_margin_tablet=\u00bb||0px|\u00bb custom_margin_phone=\u00bb\u00bb custom_margin_last_edited=\u00bbon|desktop\u00bb custom_padding=\u00bb2px|0px|1px|0px|false|false\u00bb use_custom_width=\u00bbon\u00bb width_unit=\u00bboff\u00bb custom_width_percent=\u00bb100%\u00bb locked=\u00bboff\u00bb global_colors_info=\u00bb{}\u00bb][et_pb_column type=\u00bb1_2&#8243; _builder_version=\u00bb4.16&#8243; custom_padding=\u00bb6%||6%|12%\u00bb custom_padding_tablet=\u00bb50px|50px|50px|50px\u00bb custom_padding_phone=\u00bb50px|50px|50px|50px\u00bb custom_padding_last_edited=\u00bbon|tablet\u00bb global_colors_info=\u00bb{}\u00bb padding_tablet=\u00bb50px|50px|50px|50px\u00bb padding_last_edited=\u00bbon|tablet\u00bb custom_padding__hover=\u00bb|||\u00bb padding_phone=\u00bb50px|50px|50px|50px\u00bb][et_pb_text _builder_version=\u00bb4.27.0&#8243; text_font=\u00bbMontserrat|300|||||||\u00bb text_text_color=\u00bb#677a92&#8243; text_font_size=\u00bb16px\u00bb text_line_height=\u00bb1.8em\u00bb header_font=\u00bbMontserrat||||||||\u00bb header_text_color=\u00bb#98c11d\u00bb header_font_size=\u00bb50px\u00bb header_line_height=\u00bb1.3em\u00bb header_2_font=\u00bb||||||||\u00bb max_width=\u00bb600px\u00bb custom_margin=\u00bb||12px|||\u00bb custom_margin_tablet=\u00bb0px|50px||50px\u00bb custom_margin_phone=\u00bb|20px||\u00bb custom_margin_last_edited=\u00bboff|desktop\u00bb custom_padding=\u00bb|||\u00bb text_line_height_tablet=\u00bb1.8em\u00bb text_line_height_phone=\u00bb1.8em\u00bb text_line_height_last_edited=\u00bbon|phone\u00bb header_text_color_tablet=\u00bb#98c11d\u00bb header_text_color_phone=\u00bb#98c11d\u00bb header_text_color_last_edited=\u00bbon|desktop\u00bb header_font_size_tablet=\u00bb\u00bb header_font_size_phone=\u00bb36px\u00bb header_font_size_last_edited=\u00bbon|phone\u00bb header_2_font_size_phone=\u00bb30px\u00bb header_2_font_size_last_edited=\u00bboff|desktop\u00bb locked=\u00bboff\u00bb global_colors_info=\u00bb{}\u00bb]\n<h1><strong>Nuestras noticias<\/strong><\/h1>\n[\/et_pb_text][et_pb_text _builder_version=\u00bb4.27.2&#8243; text_font=\u00bbMontserrat||||||||\u00bb text_font_size=\u00bb16px\u00bb text_line_height=\u00bb2em\u00bb link_font=\u00bb||||||||\u00bb ul_font=\u00bb||||||||\u00bb ol_font=\u00bb||||||||\u00bb quote_font=\u00bb||||||||\u00bb header_font=\u00bb||||||||\u00bb header_2_font=\u00bbMontserrat|300|||||||\u00bb header_2_text_color=\u00bb#212d3b\u00bb header_2_font_size=\u00bb40px\u00bb header_2_line_height=\u00bb1.5em\u00bb max_width=\u00bb600px\u00bb custom_margin=\u00bb||10px|\u00bb custom_margin_tablet=\u00bb0px|50px||50px\u00bb custom_margin_last_edited=\u00bboff|desktop\u00bb custom_padding=\u00bb|||\u00bb locked=\u00bboff\u00bb global_colors_info=\u00bb{}\u00bb]\n<p style=\"text-align: justify;\">Descubra las \u00faltimas tendencias en aceites, energ\u00eda, biocombustibles, ingredientes para piensos, materias primas oleoqu\u00edmicas y aceites vegetales alimentarios, esfuerzos de sostenibilidad y pr\u00f3ximos eventos. Mant\u00e9ngase informado mientras seguimos ofreci\u00e9ndole los mejores aceites de origen \u00e9tico de todo el mundo.<\/p>\n[\/et_pb_text][\/et_pb_column][et_pb_column type=\u00bb1_2&#8243; _builder_version=\u00bb4.16&#8243; custom_padding=\u00bb|||\u00bb global_colors_info=\u00bb{}\u00bb custom_padding__hover=\u00bb|||\u00bb][et_pb_image src=\u00bbhttps:\/\/bv-oils.com\/wp-content\/uploads\/2024\/09\/abstract-bs.jpg\u00bb title_text=\u00bbabstract-bs\u00bb force_fullwidth=\u00bbon\u00bb align_tablet=\u00bbcenter\u00bb align_phone=\u00bbcenter\u00bb align_last_edited=\u00bbon|desktop\u00bb _builder_version=\u00bb4.27.0&#8243; custom_margin=\u00bb|||\u00bb custom_margin_tablet=\u00bb|||\u00bb custom_margin_phone=\u00bb-27px||||false|false\u00bb custom_margin_last_edited=\u00bbon|phone\u00bb custom_padding=\u00bb0px|||||\u00bb custom_padding_tablet=\u00bb0px|||||\u00bb custom_padding_phone=\u00bb0px|0px||47px|false|false\u00bb custom_padding_last_edited=\u00bbon|phone\u00bb animation_style=\u00bbslide\u00bb animation_direction=\u00bbtop\u00bb animation_intensity_slide=\u00bb5%\u00bb border_radii=\u00bb|20vw|||30px\u00bb border_color_all=\u00bb#8ebd30&#8243; border_width_left=\u00bb2vw\u00bb box_shadow_style=\u00bbpreset4&#8243; box_shadow_horizontal=\u00bb-30px\u00bb box_shadow_vertical=\u00bb0px\u00bb box_shadow_color=\u00bb#edc037&#8243; global_colors_info=\u00bb{}\u00bb][\/et_pb_image][\/et_pb_column][\/et_pb_row][\/et_pb_section][et_pb_section fb_built=\u00bb1&#8243; admin_label=\u00bbBlog\u00bb _builder_version=\u00bb4.27.0&#8243; global_colors_info=\u00bb{}\u00bb][et_pb_row use_custom_gutter=\u00bbon\u00bb _builder_version=\u00bb4.27.0&#8243; global_colors_info=\u00bb{}\u00bb][et_pb_column type=\u00bb4_4&#8243; _builder_version=\u00bb4.16&#8243; custom_padding=\u00bb|||\u00bb global_colors_info=\u00bb{}\u00bb custom_padding__hover=\u00bb|||\u00bb][et_pb_blog_extras blog_layout=\u00bbblock_extended\u00bb use_read_more_button=\u00bbon\u00bb read_more_text=\u00bbLEER M\u00c1S\u00bb show_author=\u00bboff\u00bb show_categories=\u00bboff\u00bb show_comments=\u00bboff\u00bb _builder_version=\u00bb4.27.2&#8243; _module_preset=\u00bbdefault\u00bb custom_read_more=\u00bbon\u00bb read_more_text_size=\u00bb13px\u00bb read_more_text_color=\u00bb#FFFFFF\u00bb read_more_bg_color=\u00bb#98c11d\u00bb read_more_border_radius=\u00bb11px\u00bb hover_enabled=\u00bb0&#8243; global_colors_info=\u00bb{}\u00bb sticky_enabled=\u00bb0&#8243;][\/et_pb_blog_extras][et_pb_code admin_label=\u00bbSEO\u00bb _builder_version=\u00bb4.27.0&#8243; _module_preset=\u00bbdefault\u00bb global_colors_info=\u00bb{}\u00bb]<span class=\"collapseomatic \" id=\"id69e374edd929a\"  tabindex=\"0\" title=\"\"    ><\/span><div id=\"target-id69e374edd929a\" class=\"collapseomatic_content \"><!-- [et_pb_line_break_holder] --><!-- [et_pb_line_break_holder] --><img alt=\"news\"><!-- [et_pb_line_break_holder] --><img alt=\"news\"><!-- [et_pb_line_break_holder] --><img alt=\"news\"><!-- [et_pb_line_break_holder] --><img alt=\"news\"><!-- [et_pb_line_break_holder] --><img alt=\"news\"><!-- [et_pb_line_break_holder] --><img alt=\"news\"><!-- [et_pb_line_break_holder] --><img alt=\"news\"><!-- [et_pb_line_break_holder] --><img alt=\"news\"><!-- [et_pb_line_break_holder] --><!-- [et_pb_line_break_holder] -->Stay ahead of the curve with BV Oils as we bring you the latest insights into essential oil trends, sustainability efforts, and exciting upcoming events. Our commitment to excellence extends beyond delivering high-quality oils; we are deeply invested in advancing industry practices and environmental stewardship. Discover how we are leading the charge in ethical sourcing, ensuring that every oil we provide is not only of the finest quality but also responsibly and sustainably produced.<!-- [et_pb_line_break_holder] --><!-- [et_pb_line_break_holder] -->Our focus on essential oils encompasses cutting-edge trends and innovations, keeping you informed about the newest developments and applications. Whether you&#8217;re interested in the latest therapeutic uses or emerging market trends, BV Oils is your go-to source for comprehensive and up-to-date information.<!-- [et_pb_line_break_holder] --><!-- [et_pb_line_break_holder] -->In addition to our dedication to product excellence, we are actively engaged in sustainability initiatives aimed at reducing our environmental footprint and promoting responsible practices throughout our supply chain. Learn about our efforts to support eco-friendly farming, reduce waste, and enhance the transparency of our sourcing processes.<!-- [et_pb_line_break_holder] --><!-- [et_pb_line_break_holder] -->Be sure to stay connected for news on upcoming events, where you can engage with industry experts, explore new products, and gain valuable insights into the future of essential oils. Our events offer a platform for knowledge exchange and networking, helping you stay informed and inspired.<!-- [et_pb_line_break_holder] --><!-- [et_pb_line_break_holder] -->With BV Oils, you are not just choosing premium essential oils; you are partnering with a company that is at the forefront of ethical sourcing and sustainability. Join us in our mission to make a positive impact on both the industry and the environment while enjoying the finest oils from around the world. Stay tuned to our news.<!-- [et_pb_line_break_holder] --><!-- [et_pb_line_break_holder] --><a href=\"http:\/\/bv-oils.com\">home<\/a><!-- [et_pb_line_break_holder] --><a href=\"http:\/\/instagram.com\">follow<\/a><!-- [et_pb_line_break_holder] --><!-- [et_pb_line_break_holder] --><\/div>[\/et_pb_code][\/et_pb_column][\/et_pb_row][\/et_pb_section]\n","protected":false},"excerpt":{"rendered":"<p>Nuestras noticiasDescubra las \u00faltimas tendencias en aceites, energ\u00eda, biocombustibles, ingredientes para piensos, materias primas oleoqu\u00edmicas y aceites vegetales alimentarios, esfuerzos de sostenibilidad y pr\u00f3ximos eventos. Mant\u00e9ngase informado mientras seguimos ofreci\u00e9ndole los mejores aceites de origen \u00e9tico de todo el mundo.<span class=\"collapseomatic \" id=\"id69e374edecb30\"  tabindex=\"0\" title=\"\"    ><\/span>Stay ahead of the curve with BV Oils as we bring you the latest insights [&hellip;]<\/p>\n","protected":false},"author":1,"featured_media":0,"parent":0,"menu_order":0,"comment_status":"closed","ping_status":"closed","template":"","meta":{"_et_pb_use_builder":"on","_et_pb_old_content":"","_et_gb_content_width":"","footnotes":""},"class_list":["post-1038","page","type-page","status-publish","hentry"],"yoast_head":"<!-- This site is optimized with the Yoast SEO plugin v27.4 - https:\/\/yoast.com\/product\/yoast-seo-wordpress\/ -->\n<title>NOTICIAS - BV Oils | Raw material trading company<\/title>\n<meta name=\"description\" content=\"Discover the newest trends in essential oils, sustainability efforts, and upcoming events. Stay tuned to our news page.\" \/>\n<meta name=\"robots\" content=\"index, follow, max-snippet:-1, max-image-preview:large, max-video-preview:-1\" \/>\n<link rel=\"canonical\" href=\"https:\/\/bv-oils.com\/news\/\" \/>\n<meta property=\"og:locale\" content=\"es_ES\" \/>\n<meta property=\"og:type\" content=\"article\" \/>\n<meta property=\"og:title\" content=\"NOTICIAS - BV Oils | Raw material trading company\" \/>\n<meta property=\"og:description\" content=\"Discover the newest trends in essential oils, sustainability efforts, and upcoming events. Stay tuned to our news page.\" \/>\n<meta property=\"og:url\" content=\"https:\/\/bv-oils.com\/news\/\" \/>\n<meta property=\"og:site_name\" content=\"BV Oils | Raw material trading company\" \/>\n<meta property=\"article:modified_time\" content=\"2024-10-09T09:12:16+00:00\" \/>\n<meta property=\"og:image\" content=\"https:\/\/bv-oils.com\/wp-content\/uploads\/2024\/09\/46122-1024x939.jpg\" \/>\n\t<meta property=\"og:image:width\" content=\"1024\" \/>\n\t<meta property=\"og:image:height\" content=\"939\" \/>\n\t<meta property=\"og:image:type\" content=\"image\/jpeg\" \/>\n<meta name=\"twitter:label1\" content=\"Tiempo de lectura\" \/>\n\t<meta name=\"twitter:data1\" content=\"4 minutos\" \/>\n<script type=\"application\/ld+json\" class=\"yoast-schema-graph\">{\"@context\":\"https:\\\/\\\/schema.org\",\"@graph\":[{\"@type\":\"WebPage\",\"@id\":\"https:\\\/\\\/bv-oils.com\\\/news\\\/\",\"url\":\"https:\\\/\\\/bv-oils.com\\\/news\\\/\",\"name\":\"NOTICIAS - BV Oils | Raw material trading company\",\"isPartOf\":{\"@id\":\"https:\\\/\\\/bv-oils.com\\\/#website\"},\"datePublished\":\"2024-08-30T07:08:17+00:00\",\"dateModified\":\"2024-10-09T09:12:16+00:00\",\"description\":\"Discover the newest trends in essential oils, sustainability efforts, and upcoming events. Stay tuned to our news page.\",\"breadcrumb\":{\"@id\":\"https:\\\/\\\/bv-oils.com\\\/news\\\/#breadcrumb\"},\"inLanguage\":\"es\",\"potentialAction\":[{\"@type\":\"ReadAction\",\"target\":[\"https:\\\/\\\/bv-oils.com\\\/news\\\/\"]}]},{\"@type\":\"BreadcrumbList\",\"@id\":\"https:\\\/\\\/bv-oils.com\\\/news\\\/#breadcrumb\",\"itemListElement\":[{\"@type\":\"ListItem\",\"position\":1,\"name\":\"Portada\",\"item\":\"https:\\\/\\\/bv-oils.com\\\/\"},{\"@type\":\"ListItem\",\"position\":2,\"name\":\"NOTICIAS\"}]},{\"@type\":\"WebSite\",\"@id\":\"https:\\\/\\\/bv-oils.com\\\/#website\",\"url\":\"https:\\\/\\\/bv-oils.com\\\/\",\"name\":\"BV Oils | Raw material trading company\",\"description\":\"We provide technical and commercial advice on biofuels and residual raw materials\",\"publisher\":{\"@id\":\"https:\\\/\\\/bv-oils.com\\\/#organization\"},\"alternateName\":\"BV Oils\",\"potentialAction\":[{\"@type\":\"SearchAction\",\"target\":{\"@type\":\"EntryPoint\",\"urlTemplate\":\"https:\\\/\\\/bv-oils.com\\\/?s={search_term_string}\"},\"query-input\":{\"@type\":\"PropertyValueSpecification\",\"valueRequired\":true,\"valueName\":\"search_term_string\"}}],\"inLanguage\":\"es\"},{\"@type\":\"Organization\",\"@id\":\"https:\\\/\\\/bv-oils.com\\\/#organization\",\"name\":\"BV Oils\",\"alternateName\":\"Raw Material trading company\",\"url\":\"https:\\\/\\\/bv-oils.com\\\/\",\"logo\":{\"@type\":\"ImageObject\",\"inLanguage\":\"es\",\"@id\":\"https:\\\/\\\/bv-oils.com\\\/#\\\/schema\\\/logo\\\/image\\\/\",\"url\":\"https:\\\/\\\/bv-oils.com\\\/wp-content\\\/uploads\\\/2024\\\/09\\\/cropped-petit.png\",\"contentUrl\":\"https:\\\/\\\/bv-oils.com\\\/wp-content\\\/uploads\\\/2024\\\/09\\\/cropped-petit.png\",\"width\":512,\"height\":512,\"caption\":\"BV Oils\"},\"image\":{\"@id\":\"https:\\\/\\\/bv-oils.com\\\/#\\\/schema\\\/logo\\\/image\\\/\"}}]}<\/script>\n<!-- \/ Yoast SEO plugin. -->","yoast_head_json":{"title":"NOTICIAS - BV Oils | Raw material trading company","description":"Discover the newest trends in essential oils, sustainability efforts, and upcoming events. Stay tuned to our news page.","robots":{"index":"index","follow":"follow","max-snippet":"max-snippet:-1","max-image-preview":"max-image-preview:large","max-video-preview":"max-video-preview:-1"},"canonical":"https:\/\/bv-oils.com\/news\/","og_locale":"es_ES","og_type":"article","og_title":"NOTICIAS - BV Oils | Raw material trading company","og_description":"Discover the newest trends in essential oils, sustainability efforts, and upcoming events. Stay tuned to our news page.","og_url":"https:\/\/bv-oils.com\/news\/","og_site_name":"BV Oils | Raw material trading company","article_modified_time":"2024-10-09T09:12:16+00:00","og_image":[{"width":1024,"height":939,"url":"https:\/\/bv-oils.com\/wp-content\/uploads\/2024\/09\/46122-1024x939.jpg","type":"image\/jpeg"}],"twitter_misc":{"Tiempo de lectura":"4 minutos"},"schema":{"@context":"https:\/\/schema.org","@graph":[{"@type":"WebPage","@id":"https:\/\/bv-oils.com\/news\/","url":"https:\/\/bv-oils.com\/news\/","name":"NOTICIAS - BV Oils | Raw material trading company","isPartOf":{"@id":"https:\/\/bv-oils.com\/#website"},"datePublished":"2024-08-30T07:08:17+00:00","dateModified":"2024-10-09T09:12:16+00:00","description":"Discover the newest trends in essential oils, sustainability efforts, and upcoming events. Stay tuned to our news page.","breadcrumb":{"@id":"https:\/\/bv-oils.com\/news\/#breadcrumb"},"inLanguage":"es","potentialAction":[{"@type":"ReadAction","target":["https:\/\/bv-oils.com\/news\/"]}]},{"@type":"BreadcrumbList","@id":"https:\/\/bv-oils.com\/news\/#breadcrumb","itemListElement":[{"@type":"ListItem","position":1,"name":"Portada","item":"https:\/\/bv-oils.com\/"},{"@type":"ListItem","position":2,"name":"NOTICIAS"}]},{"@type":"WebSite","@id":"https:\/\/bv-oils.com\/#website","url":"https:\/\/bv-oils.com\/","name":"BV Oils | Raw material trading company","description":"We provide technical and commercial advice on biofuels and residual raw materials","publisher":{"@id":"https:\/\/bv-oils.com\/#organization"},"alternateName":"BV Oils","potentialAction":[{"@type":"SearchAction","target":{"@type":"EntryPoint","urlTemplate":"https:\/\/bv-oils.com\/?s={search_term_string}"},"query-input":{"@type":"PropertyValueSpecification","valueRequired":true,"valueName":"search_term_string"}}],"inLanguage":"es"},{"@type":"Organization","@id":"https:\/\/bv-oils.com\/#organization","name":"BV Oils","alternateName":"Raw Material trading company","url":"https:\/\/bv-oils.com\/","logo":{"@type":"ImageObject","inLanguage":"es","@id":"https:\/\/bv-oils.com\/#\/schema\/logo\/image\/","url":"https:\/\/bv-oils.com\/wp-content\/uploads\/2024\/09\/cropped-petit.png","contentUrl":"https:\/\/bv-oils.com\/wp-content\/uploads\/2024\/09\/cropped-petit.png","width":512,"height":512,"caption":"BV Oils"},"image":{"@id":"https:\/\/bv-oils.com\/#\/schema\/logo\/image\/"}}]}},"_links":{"self":[{"href":"https:\/\/bv-oils.com\/es\/wp-json\/wp\/v2\/pages\/1038","targetHints":{"allow":["GET"]}}],"collection":[{"href":"https:\/\/bv-oils.com\/es\/wp-json\/wp\/v2\/pages"}],"about":[{"href":"https:\/\/bv-oils.com\/es\/wp-json\/wp\/v2\/types\/page"}],"author":[{"embeddable":true,"href":"https:\/\/bv-oils.com\/es\/wp-json\/wp\/v2\/users\/1"}],"replies":[{"embeddable":true,"href":"https:\/\/bv-oils.com\/es\/wp-json\/wp\/v2\/comments?post=1038"}],"version-history":[{"count":4,"href":"https:\/\/bv-oils.com\/es\/wp-json\/wp\/v2\/pages\/1038\/revisions"}],"predecessor-version":[{"id":1092,"href":"https:\/\/bv-oils.com\/es\/wp-json\/wp\/v2\/pages\/1038\/revisions\/1092"}],"wp:attachment":[{"href":"https:\/\/bv-oils.com\/es\/wp-json\/wp\/v2\/media?parent=1038"}],"curies":[{"name":"wp","href":"https:\/\/api.w.org\/{rel}","templated":true}]}}