{"id":1030,"date":"2024-09-16T13:31:20","date_gmt":"2024-09-16T11:31:20","guid":{"rendered":"https:\/\/bv-oils.com\/feed-2\/"},"modified":"2024-10-09T09:10:27","modified_gmt":"2024-10-09T07:10:27","slug":"alimentacion-animal","status":"publish","type":"page","link":"https:\/\/bv-oils.com\/es\/alimentacion-animal\/","title":{"rendered":"ALIMENTACI\u00d3N ANIMAL"},"content":{"rendered":"[et_pb_section fb_built=\u00bb1&#8243; admin_label=\u00bbAbout us\u00bb _builder_version=\u00bb4.16&#8243; custom_padding=\u00bb28px||0px|||\u00bb global_colors_info=\u00bb{}\u00bb][et_pb_row column_structure=\u00bb1_2,1_2&#8243; custom_padding_last_edited=\u00bbon|phone\u00bb _builder_version=\u00bb4.27.0&#8243; width=\u00bb100%\u00bb max_width=\u00bb100%\u00bb min_height=\u00bb602.1px\u00bb custom_margin=\u00bb-28px|auto||auto||\u00bb custom_margin_tablet=\u00bb||0px|\u00bb custom_margin_phone=\u00bb\u00bb custom_margin_last_edited=\u00bbon|desktop\u00bb custom_padding=\u00bb2px|0px|1px|0px|false|false\u00bb custom_padding_tablet=\u00bb2px|0px|1px|0px|false|false\u00bb custom_padding_phone=\u00bb36px||||false|false\u00bb use_custom_width=\u00bbon\u00bb width_unit=\u00bboff\u00bb custom_width_percent=\u00bb100%\u00bb locked=\u00bboff\u00bb global_colors_info=\u00bb{}\u00bb][et_pb_column type=\u00bb1_2&#8243; _builder_version=\u00bb4.16&#8243; custom_padding=\u00bb|||\u00bb global_colors_info=\u00bb{}\u00bb custom_padding__hover=\u00bb|||\u00bb][et_pb_image src=\u00bbhttps:\/\/bv-oils.com\/wp-content\/uploads\/2024\/09\/generative-ai-theme-beautiful-texture-surface-motor-oil-design-natural-abstract-background-scaled.jpg\u00bb alt=\u00bbFEED\u00bb title_text=\u00bbGenerative ai on theme of beautiful texture surface motor oil, d\u00bb force_fullwidth=\u00bbon\u00bb align_tablet=\u00bbcenter\u00bb align_phone=\u00bbcenter\u00bb align_last_edited=\u00bbon|desktop\u00bb _builder_version=\u00bb4.27.0&#8243; custom_margin=\u00bb|||\u00bb custom_padding=\u00bb0px|||||\u00bb custom_padding_tablet=\u00bb0px|||||\u00bb custom_padding_phone=\u00bb|37px|||false|false\u00bb custom_padding_last_edited=\u00bbon|phone\u00bb animation_style=\u00bbslide\u00bb animation_direction=\u00bbtop\u00bb animation_intensity_slide=\u00bb5%\u00bb border_radii=\u00bboff||350px|30px|\u00bb border_color_all=\u00bb#8ebd30&#8243; border_width_right=\u00bb30px\u00bb border_width_left=\u00bb0vw\u00bb box_shadow_style=\u00bbpreset4&#8243; box_shadow_horizontal=\u00bb30px\u00bb box_shadow_vertical=\u00bb0px\u00bb box_shadow_color=\u00bb#edc037&#8243; global_colors_info=\u00bb{}\u00bb][\/et_pb_image][\/et_pb_column][et_pb_column type=\u00bb1_2&#8243; _builder_version=\u00bb4.27.0&#8243; custom_padding=\u00bb6%||6%|0%|false|false\u00bb custom_padding_tablet=\u00bb50px|50px|50px|50px\u00bb custom_padding_phone=\u00bb50px|50px|50px|50px\u00bb custom_padding_last_edited=\u00bbon|tablet\u00bb global_colors_info=\u00bb{}\u00bb padding_tablet=\u00bb50px|50px|50px|50px\u00bb padding_last_edited=\u00bbon|tablet\u00bb custom_padding__hover=\u00bb|||\u00bb padding_phone=\u00bb50px|50px|50px|50px\u00bb][et_pb_text _builder_version=\u00bb4.27.0&#8243; text_font=\u00bbMontserrat|300|||||||\u00bb text_text_color=\u00bb#677a92&#8243; text_font_size=\u00bb16px\u00bb text_line_height=\u00bb1.8em\u00bb header_font=\u00bbMontserrat||||||||\u00bb header_text_color=\u00bb#98c11d\u00bb header_font_size=\u00bb50px\u00bb header_line_height=\u00bb1.3em\u00bb header_2_font=\u00bb||||||||\u00bb max_width=\u00bb600px\u00bb custom_margin=\u00bb-51px||12px|0px|false|false\u00bb custom_margin_tablet=\u00bb0px|50px||50px\u00bb custom_margin_phone=\u00bb|20px||\u00bb custom_margin_last_edited=\u00bboff|desktop\u00bb custom_padding=\u00bb|||\u00bb text_line_height_tablet=\u00bb1.8em\u00bb text_line_height_phone=\u00bb1.8em\u00bb text_line_height_last_edited=\u00bbon|phone\u00bb header_font_size_tablet=\u00bb\u00bb header_font_size_phone=\u00bb36px\u00bb header_font_size_last_edited=\u00bbon|phone\u00bb header_2_font_size_phone=\u00bb30px\u00bb header_2_font_size_last_edited=\u00bboff|desktop\u00bb locked=\u00bboff\u00bb global_colors_info=\u00bb{}\u00bb]\n<h1><strong>Ingredientes para piensos<\/strong><\/h1>\n[\/et_pb_text][et_pb_text _builder_version=\u00bb4.27.2&#8243; text_font=\u00bbMontserrat||||||||\u00bb text_font_size=\u00bb16px\u00bb text_line_height=\u00bb2em\u00bb link_font=\u00bb||||||||\u00bb ul_font=\u00bb||||||||\u00bb ol_font=\u00bb||||||||\u00bb quote_font=\u00bb||||||||\u00bb header_font=\u00bb||||||||\u00bb header_2_font=\u00bbMontserrat|300|||||||\u00bb header_2_text_color=\u00bb#212d3b\u00bb header_2_font_size=\u00bb40px\u00bb header_2_line_height=\u00bb1.5em\u00bb max_width=\u00bb600px\u00bb custom_margin=\u00bb||10px|\u00bb custom_margin_tablet=\u00bb0px|50px||50px\u00bb custom_margin_last_edited=\u00bboff|desktop\u00bb custom_padding=\u00bb|||\u00bb locked=\u00bboff\u00bb global_colors_info=\u00bb{}\u00bb]\n<div class=\"eluid5b720147            col-md-12 col-sm-12   znColumnElement\" id=\"eluid5b720147\">\n<div class=\"znColumnElement-innerWrapper-eluid5b720147 znColumnElement-innerWrapper znColumnElement-innerWrapper--valign-top znColumnElement-innerWrapper--halign-left \">\n<div class=\"znColumnElement-innerContent\">\n<div class=\"infobox2 \">\n<div class=\"row\">\n<div class=\"ib-content infobox3--dark col-sm-12 col-lg-12\">\n<div class=\"eluid5b720147            col-md-12 col-sm-12   znColumnElement\" id=\"eluid5b720147\">\n<div class=\"znColumnElement-innerWrapper-eluid5b720147 znColumnElement-innerWrapper znColumnElement-innerWrapper--valign-top znColumnElement-innerWrapper--halign-left \">\n<div class=\"znColumnElement-innerContent\">\n<div class=\"infobox2 \">\n<div class=\"row\">\n<div class=\"ib-content infobox3--dark col-sm-12 col-lg-12\">\n<p style=\"text-align: justify;\">Somos agentes comerciales y t\u00e9cnicos exclusivos en Espa\u00f1a, Portugal e Italia para la distribuci\u00f3n de materias primas, ingredientes y aditivos para la industria de producci\u00f3n de piensos animales, tales como \u00e1cidos grasos formulados, lecitinas, aceites vegetales y grasas animales, Contamos con m\u00e1s de 64 a\u00f1os de experiencia en la industria de la alimentaci\u00f3n animal, proporcionando consultor\u00eda y asesoramiento para la formulaci\u00f3n de ingredientes adecuados de grasas animales, aceites vegetales y sus subproductos. Nos centramos en las necesidades de cada cliente espec\u00edfico, para cada especie animal y edades. Realizando elevados controles anal\u00edticos y de calidad en cumplimiento del Reglamento UE.<\/p>\n<\/div>\n<\/div>\n<\/div>\n<\/div>\n<\/div>\n<\/div>\n<div class=\"eluid0306fef1            col-md-12 col-sm-12   znColumnElement\" id=\"eluid0306fef1\">\n<div class=\"znColumnElement-innerWrapper-eluid0306fef1 znColumnElement-innerWrapper znColumnElement-innerWrapper--valign-top znColumnElement-innerWrapper--halign-left \">\n<div class=\"znColumnElement-innerContent\"><\/div>\n<\/div>\n<\/div>\n<\/div>\n<\/div>\n<\/div>\n<\/div>\n<\/div>\n<\/div>\n<div class=\"eluid0306fef1            col-md-12 col-sm-12   znColumnElement\" id=\"eluid0306fef1\">\n<div class=\"znColumnElement-innerWrapper-eluid0306fef1 znColumnElement-innerWrapper znColumnElement-innerWrapper--valign-top znColumnElement-innerWrapper--halign-left \">\n<div class=\"znColumnElement-innerContent\"><\/div>\n<\/div>\n<\/div>\n[\/et_pb_text][\/et_pb_column][\/et_pb_row][\/et_pb_section][et_pb_section fb_built=\u00bb1&#8243; prev_background_color=\u00bb#ffffff\u00bb next_background_color=\u00bb#98c100&#8243; _builder_version=\u00bb4.27.0&#8243; _module_preset=\u00bbdefault\u00bb background_color=\u00bb#98c11d\u00bb custom_margin=\u00bb56px|||||\u00bb custom_padding=\u00bb50px|||||\u00bb top_divider_style=\u00bbwaves2&#8243; bottom_divider_style=\u00bbwaves2&#8243; locked=\u00bboff\u00bb global_colors_info=\u00bb{}\u00bb][et_pb_row column_structure=\u00bb1_4,1_4,1_4,1_4&#8243; custom_padding_last_edited=\u00bboff|desktop\u00bb _builder_version=\u00bb4.27.2&#8243; max_width=\u00bb1350px\u00bb custom_padding=\u00bb110px||110px||true|false\u00bb custom_padding_tablet=\u00bb100px||50px|\u00bb locked=\u00bboff\u00bb global_colors_info=\u00bb{}\u00bb][et_pb_column type=\u00bb1_4&#8243; _builder_version=\u00bb4.16&#8243; custom_padding=\u00bb|||\u00bb global_colors_info=\u00bb{}\u00bb custom_padding__hover=\u00bb|||\u00bb][et_pb_image src=\u00bbhttps:\/\/bv-oils.com\/wp-content\/uploads\/2024\/09\/yellow-chickens.jpg\u00bb title_text=\u00bbYellow chickens\u00bb _builder_version=\u00bb4.27.0&#8243; _module_preset=\u00bbdefault\u00bb min_height_tablet=\u00bb\u00bb min_height_phone=\u00bb433px\u00bb min_height_last_edited=\u00bbon|phone\u00bb max_height=\u00bb364px\u00bb border_radii=\u00bboff|100px|10px|10px|10px\u00bb border_width_left=\u00bb10px\u00bb border_color_left=\u00bb#8ebd30&#8243; box_shadow_style=\u00bbpreset4&#8243; box_shadow_horizontal=\u00bb-10px\u00bb box_shadow_vertical=\u00bb0px\u00bb box_shadow_color=\u00bb#e4bf1f\u00bb global_colors_info=\u00bb{}\u00bb][\/et_pb_image][\/et_pb_column][et_pb_column type=\u00bb1_4&#8243; _builder_version=\u00bb4.16&#8243; custom_padding=\u00bb|||\u00bb global_colors_info=\u00bb{}\u00bb custom_padding__hover=\u00bb|||\u00bb][et_pb_image src=\u00bbhttps:\/\/bv-oils.com\/wp-content\/uploads\/2024\/09\/FEED-22.jpg\u00bb title_text=\u00bbFEED 22&#8243; _builder_version=\u00bb4.27.0&#8243; _module_preset=\u00bbdefault\u00bb min_height_tablet=\u00bb\u00bb min_height_phone=\u00bb433px\u00bb min_height_last_edited=\u00bbon|phone\u00bb max_height=\u00bb364px\u00bb border_radii=\u00bbon|10px|10px|10px|10px\u00bb global_colors_info=\u00bb{}\u00bb][\/et_pb_image][\/et_pb_column][et_pb_column type=\u00bb1_4&#8243; _builder_version=\u00bb4.16&#8243; custom_padding=\u00bb|||\u00bb global_colors_info=\u00bb{}\u00bb custom_padding__hover=\u00bb|||\u00bb][et_pb_image src=\u00bbhttps:\/\/bv-oils.com\/wp-content\/uploads\/2024\/09\/view-sheep-pen.jpg\u00bb title_text=\u00bbYoung Piglets at Livestock Farm\u00bb _builder_version=\u00bb4.27.0&#8243; _module_preset=\u00bbdefault\u00bb min_height_tablet=\u00bb\u00bb min_height_phone=\u00bb433px\u00bb min_height_last_edited=\u00bbon|phone\u00bb max_height=\u00bb364px\u00bb border_radii=\u00bbon|10px|10px|10px|10px\u00bb border_color_left=\u00bb#ffffff\u00bb global_colors_info=\u00bb{}\u00bb][\/et_pb_image][\/et_pb_column][et_pb_column type=\u00bb1_4&#8243; _builder_version=\u00bb4.16&#8243; custom_padding=\u00bb|||\u00bb global_colors_info=\u00bb{}\u00bb custom_padding__hover=\u00bb|||\u00bb][et_pb_image src=\u00bbhttps:\/\/bv-oils.com\/wp-content\/uploads\/2024\/09\/closeup-wood-pellets-detailed-shot-woodpellets-pellet-texture.jpg\u00bb title_text=\u00bbClose-up of stacked wood pellets. Detailed shot of woodpellets. Pellet texture\u00bb _builder_version=\u00bb4.27.0&#8243; _module_preset=\u00bbdefault\u00bb min_height_tablet=\u00bb\u00bb min_height_phone=\u00bb433px\u00bb min_height_last_edited=\u00bbon|phone\u00bb max_height=\u00bb364px\u00bb border_radii=\u00bboff|10px|100px|10px|10px\u00bb border_width_right=\u00bb10px\u00bb border_color_right=\u00bb#8ebd30&#8243; border_color_left=\u00bb#ffffff\u00bb box_shadow_style=\u00bbpreset4&#8243; box_shadow_vertical=\u00bb0px\u00bb box_shadow_color=\u00bb#e4bf1f\u00bb global_colors_info=\u00bb{}\u00bb][\/et_pb_image][\/et_pb_column][\/et_pb_row][\/et_pb_section]\n","protected":false},"excerpt":{"rendered":"<p>Ingredientes para piensos Somos agentes comerciales y t\u00e9cnicos exclusivos en Espa\u00f1a, Portugal e Italia para la distribuci\u00f3n de materias primas, ingredientes y aditivos para la industria de producci\u00f3n de piensos animales, tales como \u00e1cidos grasos formulados, lecitinas, aceites vegetales y grasas animales, Contamos con m\u00e1s de 64 a\u00f1os de experiencia en la industria de la [&hellip;]<\/p>\n","protected":false},"author":1,"featured_media":0,"parent":0,"menu_order":0,"comment_status":"closed","ping_status":"closed","template":"","meta":{"_et_pb_use_builder":"on","_et_pb_old_content":"","_et_gb_content_width":"","footnotes":""},"class_list":["post-1030","page","type-page","status-publish","hentry"],"yoast_head":"<!-- This site is optimized with the Yoast SEO plugin v27.4 - https:\/\/yoast.com\/product\/yoast-seo-wordpress\/ -->\n<title>ALIMENTACI\u00d3N ANIMAL - BV Oils | Raw material trading company<\/title>\n<meta name=\"description\" content=\"We commercialise all types of raw materials and ingredients for animal feed production, for all animal species and ages.\" \/>\n<meta name=\"robots\" content=\"index, follow, max-snippet:-1, max-image-preview:large, max-video-preview:-1\" \/>\n<link rel=\"canonical\" href=\"https:\/\/bv-oils.com\/es\/alimentacion-animal\/\" \/>\n<meta property=\"og:locale\" content=\"es_ES\" \/>\n<meta property=\"og:type\" content=\"article\" \/>\n<meta property=\"og:title\" content=\"ALIMENTACI\u00d3N ANIMAL - BV Oils | Raw material trading company\" \/>\n<meta property=\"og:description\" content=\"We commercialise all types of raw materials and ingredients for animal feed production, for all animal species and ages.\" \/>\n<meta property=\"og:url\" content=\"https:\/\/bv-oils.com\/es\/alimentacion-animal\/\" \/>\n<meta property=\"og:site_name\" content=\"BV Oils | Raw material trading company\" \/>\n<meta property=\"article:modified_time\" content=\"2024-10-09T07:10:27+00:00\" \/>\n<meta property=\"og:image\" content=\"https:\/\/bv-oils.com\/wp-content\/uploads\/2024\/09\/46122-1024x939.jpg\" \/>\n\t<meta property=\"og:image:width\" content=\"1024\" \/>\n\t<meta property=\"og:image:height\" content=\"939\" \/>\n\t<meta property=\"og:image:type\" content=\"image\/jpeg\" \/>\n<meta name=\"twitter:label1\" content=\"Tiempo de lectura\" \/>\n\t<meta name=\"twitter:data1\" content=\"2 minutos\" \/>\n<script type=\"application\/ld+json\" class=\"yoast-schema-graph\">{\"@context\":\"https:\\\/\\\/schema.org\",\"@graph\":[{\"@type\":\"WebPage\",\"@id\":\"https:\\\/\\\/bv-oils.com\\\/es\\\/alimentacion-animal\\\/\",\"url\":\"https:\\\/\\\/bv-oils.com\\\/es\\\/alimentacion-animal\\\/\",\"name\":\"ALIMENTACI\u00d3N ANIMAL - BV Oils | Raw material trading company\",\"isPartOf\":{\"@id\":\"https:\\\/\\\/bv-oils.com\\\/#website\"},\"datePublished\":\"2024-09-16T11:31:20+00:00\",\"dateModified\":\"2024-10-09T07:10:27+00:00\",\"description\":\"We commercialise all types of raw materials and ingredients for animal feed production, for all animal species and ages.\",\"breadcrumb\":{\"@id\":\"https:\\\/\\\/bv-oils.com\\\/es\\\/alimentacion-animal\\\/#breadcrumb\"},\"inLanguage\":\"es\",\"potentialAction\":[{\"@type\":\"ReadAction\",\"target\":[\"https:\\\/\\\/bv-oils.com\\\/es\\\/alimentacion-animal\\\/\"]}]},{\"@type\":\"BreadcrumbList\",\"@id\":\"https:\\\/\\\/bv-oils.com\\\/es\\\/alimentacion-animal\\\/#breadcrumb\",\"itemListElement\":[{\"@type\":\"ListItem\",\"position\":1,\"name\":\"Portada\",\"item\":\"https:\\\/\\\/bv-oils.com\\\/\"},{\"@type\":\"ListItem\",\"position\":2,\"name\":\"ALIMENTACI\u00d3N ANIMAL\"}]},{\"@type\":\"WebSite\",\"@id\":\"https:\\\/\\\/bv-oils.com\\\/#website\",\"url\":\"https:\\\/\\\/bv-oils.com\\\/\",\"name\":\"BV Oils | Raw material trading company\",\"description\":\"We provide technical and commercial advice on biofuels and residual raw materials\",\"publisher\":{\"@id\":\"https:\\\/\\\/bv-oils.com\\\/#organization\"},\"alternateName\":\"BV Oils\",\"potentialAction\":[{\"@type\":\"SearchAction\",\"target\":{\"@type\":\"EntryPoint\",\"urlTemplate\":\"https:\\\/\\\/bv-oils.com\\\/?s={search_term_string}\"},\"query-input\":{\"@type\":\"PropertyValueSpecification\",\"valueRequired\":true,\"valueName\":\"search_term_string\"}}],\"inLanguage\":\"es\"},{\"@type\":\"Organization\",\"@id\":\"https:\\\/\\\/bv-oils.com\\\/#organization\",\"name\":\"BV Oils\",\"alternateName\":\"Raw Material trading company\",\"url\":\"https:\\\/\\\/bv-oils.com\\\/\",\"logo\":{\"@type\":\"ImageObject\",\"inLanguage\":\"es\",\"@id\":\"https:\\\/\\\/bv-oils.com\\\/#\\\/schema\\\/logo\\\/image\\\/\",\"url\":\"https:\\\/\\\/bv-oils.com\\\/wp-content\\\/uploads\\\/2024\\\/09\\\/cropped-petit.png\",\"contentUrl\":\"https:\\\/\\\/bv-oils.com\\\/wp-content\\\/uploads\\\/2024\\\/09\\\/cropped-petit.png\",\"width\":512,\"height\":512,\"caption\":\"BV Oils\"},\"image\":{\"@id\":\"https:\\\/\\\/bv-oils.com\\\/#\\\/schema\\\/logo\\\/image\\\/\"}}]}<\/script>\n<!-- \/ Yoast SEO plugin. -->","yoast_head_json":{"title":"ALIMENTACI\u00d3N ANIMAL - BV Oils | Raw material trading company","description":"We commercialise all types of raw materials and ingredients for animal feed production, for all animal species and ages.","robots":{"index":"index","follow":"follow","max-snippet":"max-snippet:-1","max-image-preview":"max-image-preview:large","max-video-preview":"max-video-preview:-1"},"canonical":"https:\/\/bv-oils.com\/es\/alimentacion-animal\/","og_locale":"es_ES","og_type":"article","og_title":"ALIMENTACI\u00d3N ANIMAL - BV Oils | Raw material trading company","og_description":"We commercialise all types of raw materials and ingredients for animal feed production, for all animal species and ages.","og_url":"https:\/\/bv-oils.com\/es\/alimentacion-animal\/","og_site_name":"BV Oils | Raw material trading company","article_modified_time":"2024-10-09T07:10:27+00:00","og_image":[{"width":1024,"height":939,"url":"https:\/\/bv-oils.com\/wp-content\/uploads\/2024\/09\/46122-1024x939.jpg","type":"image\/jpeg"}],"twitter_misc":{"Tiempo de lectura":"2 minutos"},"schema":{"@context":"https:\/\/schema.org","@graph":[{"@type":"WebPage","@id":"https:\/\/bv-oils.com\/es\/alimentacion-animal\/","url":"https:\/\/bv-oils.com\/es\/alimentacion-animal\/","name":"ALIMENTACI\u00d3N ANIMAL - BV Oils | Raw material trading company","isPartOf":{"@id":"https:\/\/bv-oils.com\/#website"},"datePublished":"2024-09-16T11:31:20+00:00","dateModified":"2024-10-09T07:10:27+00:00","description":"We commercialise all types of raw materials and ingredients for animal feed production, for all animal species and ages.","breadcrumb":{"@id":"https:\/\/bv-oils.com\/es\/alimentacion-animal\/#breadcrumb"},"inLanguage":"es","potentialAction":[{"@type":"ReadAction","target":["https:\/\/bv-oils.com\/es\/alimentacion-animal\/"]}]},{"@type":"BreadcrumbList","@id":"https:\/\/bv-oils.com\/es\/alimentacion-animal\/#breadcrumb","itemListElement":[{"@type":"ListItem","position":1,"name":"Portada","item":"https:\/\/bv-oils.com\/"},{"@type":"ListItem","position":2,"name":"ALIMENTACI\u00d3N ANIMAL"}]},{"@type":"WebSite","@id":"https:\/\/bv-oils.com\/#website","url":"https:\/\/bv-oils.com\/","name":"BV Oils | Raw material trading company","description":"We provide technical and commercial advice on biofuels and residual raw materials","publisher":{"@id":"https:\/\/bv-oils.com\/#organization"},"alternateName":"BV Oils","potentialAction":[{"@type":"SearchAction","target":{"@type":"EntryPoint","urlTemplate":"https:\/\/bv-oils.com\/?s={search_term_string}"},"query-input":{"@type":"PropertyValueSpecification","valueRequired":true,"valueName":"search_term_string"}}],"inLanguage":"es"},{"@type":"Organization","@id":"https:\/\/bv-oils.com\/#organization","name":"BV Oils","alternateName":"Raw Material trading company","url":"https:\/\/bv-oils.com\/","logo":{"@type":"ImageObject","inLanguage":"es","@id":"https:\/\/bv-oils.com\/#\/schema\/logo\/image\/","url":"https:\/\/bv-oils.com\/wp-content\/uploads\/2024\/09\/cropped-petit.png","contentUrl":"https:\/\/bv-oils.com\/wp-content\/uploads\/2024\/09\/cropped-petit.png","width":512,"height":512,"caption":"BV Oils"},"image":{"@id":"https:\/\/bv-oils.com\/#\/schema\/logo\/image\/"}}]}},"_links":{"self":[{"href":"https:\/\/bv-oils.com\/es\/wp-json\/wp\/v2\/pages\/1030","targetHints":{"allow":["GET"]}}],"collection":[{"href":"https:\/\/bv-oils.com\/es\/wp-json\/wp\/v2\/pages"}],"about":[{"href":"https:\/\/bv-oils.com\/es\/wp-json\/wp\/v2\/types\/page"}],"author":[{"embeddable":true,"href":"https:\/\/bv-oils.com\/es\/wp-json\/wp\/v2\/users\/1"}],"replies":[{"embeddable":true,"href":"https:\/\/bv-oils.com\/es\/wp-json\/wp\/v2\/comments?post=1030"}],"version-history":[{"count":3,"href":"https:\/\/bv-oils.com\/es\/wp-json\/wp\/v2\/pages\/1030\/revisions"}],"predecessor-version":[{"id":1033,"href":"https:\/\/bv-oils.com\/es\/wp-json\/wp\/v2\/pages\/1030\/revisions\/1033"}],"wp:attachment":[{"href":"https:\/\/bv-oils.com\/es\/wp-json\/wp\/v2\/media?parent=1030"}],"curies":[{"name":"wp","href":"https:\/\/api.w.org\/{rel}","templated":true}]}}