{"id":1026,"date":"2024-09-16T15:39:55","date_gmt":"2024-09-16T13:39:55","guid":{"rendered":"https:\/\/bv-oils.com\/oleochemical\/"},"modified":"2024-10-09T09:08:44","modified_gmt":"2024-10-09T07:08:44","slug":"oleoquimico","status":"publish","type":"page","link":"https:\/\/bv-oils.com\/es\/oleoquimico\/","title":{"rendered":"OLEOQU\u00cdMICO"},"content":{"rendered":"[et_pb_section fb_built=\u00bb1&#8243; admin_label=\u00bbAbout us\u00bb _builder_version=\u00bb4.27.0&#8243; custom_padding=\u00bb0px||||false|false\u00bb global_colors_info=\u00bb{}\u00bb][et_pb_row column_structure=\u00bb1_2,1_2&#8243; _builder_version=\u00bb4.27.0&#8243; width=\u00bb100%\u00bb max_width=\u00bb100%\u00bb min_height=\u00bb602.1px\u00bb custom_margin=\u00bb3px|auto||auto|false|false\u00bb custom_margin_tablet=\u00bb||0px|\u00bb custom_margin_phone=\u00bb\u00bb custom_margin_last_edited=\u00bbon|desktop\u00bb custom_padding=\u00bb2px|0px|1px|0px|false|false\u00bb use_custom_width=\u00bbon\u00bb width_unit=\u00bboff\u00bb custom_width_percent=\u00bb100%\u00bb locked=\u00bboff\u00bb global_colors_info=\u00bb{}\u00bb][et_pb_column type=\u00bb1_2&#8243; _builder_version=\u00bb4.16&#8243; custom_padding=\u00bb|||\u00bb global_colors_info=\u00bb{}\u00bb custom_padding__hover=\u00bb|||\u00bb][et_pb_image src=\u00bbhttps:\/\/bv-oils.com\/wp-content\/uploads\/2024\/09\/honeycomb-oil-drops-golden-hue.jpg\u00bb alt=\u00bbFEED\u00bb title_text=\u00bbhoneycomb-oil-drops-golden-hue\u00bb force_fullwidth=\u00bbon\u00bb align_tablet=\u00bbcenter\u00bb align_phone=\u00bbcenter\u00bb align_last_edited=\u00bbon|desktop\u00bb _builder_version=\u00bb4.27.0&#8243; custom_margin=\u00bb|||\u00bb custom_padding=\u00bb0px|51px|||false|false\u00bb animation_style=\u00bbslide\u00bb animation_direction=\u00bbtop\u00bb animation_intensity_slide=\u00bb5%\u00bb border_radii=\u00bboff||350px|30px|\u00bb border_color_all=\u00bb#8ebd30&#8243; border_width_right=\u00bb30px\u00bb border_width_left=\u00bb0vw\u00bb box_shadow_style=\u00bbpreset4&#8243; box_shadow_horizontal=\u00bb30px\u00bb box_shadow_vertical=\u00bb0px\u00bb box_shadow_color=\u00bb#edc037&#8243; global_colors_info=\u00bb{}\u00bb][\/et_pb_image][\/et_pb_column][et_pb_column type=\u00bb1_2&#8243; _builder_version=\u00bb4.27.0&#8243; custom_padding=\u00bb6%||6%|0%|false|false\u00bb custom_padding_tablet=\u00bb50px|50px|50px|50px\u00bb custom_padding_phone=\u00bb50px|50px|50px|50px\u00bb custom_padding_last_edited=\u00bbon|tablet\u00bb global_colors_info=\u00bb{}\u00bb padding_tablet=\u00bb50px|50px|50px|50px\u00bb padding_last_edited=\u00bbon|tablet\u00bb custom_padding__hover=\u00bb|||\u00bb padding_phone=\u00bb50px|50px|50px|50px\u00bb][et_pb_text _builder_version=\u00bb4.27.0&#8243; text_font=\u00bbMontserrat|300|||||||\u00bb text_text_color=\u00bb#677a92&#8243; text_font_size=\u00bb16px\u00bb text_line_height=\u00bb1.8em\u00bb header_font=\u00bbMontserrat||||||||\u00bb header_text_color=\u00bb#98c11d\u00bb header_font_size=\u00bb50px\u00bb header_line_height=\u00bb1.3em\u00bb header_2_font=\u00bb||||||||\u00bb max_width=\u00bb600px\u00bb custom_margin=\u00bb31px||12px|0px|false|false\u00bb custom_margin_tablet=\u00bb0px|50px||50px\u00bb custom_margin_phone=\u00bb-22px|0px||0px|false|false\u00bb custom_margin_last_edited=\u00bbon|phone\u00bb custom_padding=\u00bb|||\u00bb text_line_height_tablet=\u00bb1.8em\u00bb text_line_height_phone=\u00bb1.8em\u00bb text_line_height_last_edited=\u00bbon|phone\u00bb header_font_size_tablet=\u00bb\u00bb header_font_size_phone=\u00bb36px\u00bb header_font_size_last_edited=\u00bbon|phone\u00bb header_2_font_size_phone=\u00bb30px\u00bb header_2_font_size_last_edited=\u00bboff|desktop\u00bb locked=\u00bboff\u00bb global_colors_info=\u00bb{}\u00bb]\n<h1><strong>Productos de la industria oleoqu\u00edmica<\/strong><\/h1>\n[\/et_pb_text][et_pb_text _builder_version=\u00bb4.27.0&#8243; text_font=\u00bbMontserrat||||||||\u00bb text_font_size=\u00bb16px\u00bb text_line_height=\u00bb2em\u00bb link_font=\u00bb||||||||\u00bb ul_font=\u00bb||||||||\u00bb ol_font=\u00bb||||||||\u00bb quote_font=\u00bb||||||||\u00bb header_font=\u00bb||||||||\u00bb header_2_font=\u00bbMontserrat|300|||||||\u00bb header_2_text_color=\u00bb#212d3b\u00bb header_2_font_size=\u00bb40px\u00bb header_2_line_height=\u00bb1.5em\u00bb max_width=\u00bb600px\u00bb custom_margin=\u00bb||10px|\u00bb custom_margin_tablet=\u00bb0px|50px||50px\u00bb custom_margin_last_edited=\u00bboff|desktop\u00bb custom_padding=\u00bb|||\u00bb locked=\u00bboff\u00bb global_colors_info=\u00bb{}\u00bb]\n<div class=\"eluid5b720147            col-md-12 col-sm-12   znColumnElement\" id=\"eluid5b720147\">\n<div class=\"znColumnElement-innerWrapper-eluid5b720147 znColumnElement-innerWrapper znColumnElement-innerWrapper--valign-top znColumnElement-innerWrapper--halign-left \">\n<div class=\"znColumnElement-innerContent\">\n<div class=\"infobox2 \">\n<div class=\"row\">\n<div class=\"ib-content infobox3--dark col-sm-12 col-lg-12\">\n<div class=\"eluidb0863d91            col-md-12 col-sm-12   znColumnElement\" id=\"eluidb0863d91\">\n<div class=\"znColumnElement-innerWrapper-eluidb0863d91 znColumnElement-innerWrapper znColumnElement-innerWrapper--valign-top znColumnElement-innerWrapper--halign-left \">\n<div class=\"znColumnElement-innerContent\">\n<div class=\"infobox2 \">\n<div class=\"row\">\n<div class=\"ib-content infobox3--dark col-sm-12 col-lg-12\">\n<p>Disponemos de todo tipo de productos t\u00e9cnicos de alta calidad para la industria oleoqu\u00edmica, para la producci\u00f3n de \u00e9steres met\u00edlicos, pl\u00e1sticos, detergentes, resinas, pinturas, etc.<\/p>\n<\/div>\n<\/div>\n<\/div>\n<\/div>\n<\/div>\n<\/div>\n<div class=\"eluidff731251            col-md-12 col-sm-12   znColumnElement\" id=\"eluidff731251\">\n<div class=\"znColumnElement-innerWrapper-eluidff731251 znColumnElement-innerWrapper znColumnElement-innerWrapper--valign-top znColumnElement-innerWrapper--halign-left \">\n<div class=\"znColumnElement-innerContent\"><\/div>\n<\/div>\n<\/div>\n<\/div>\n<\/div>\n<\/div>\n<\/div>\n<\/div>\n<\/div>\n<div class=\"eluid0306fef1            col-md-12 col-sm-12   znColumnElement\" id=\"eluid0306fef1\">\n<div class=\"znColumnElement-innerWrapper-eluid0306fef1 znColumnElement-innerWrapper znColumnElement-innerWrapper--valign-top znColumnElement-innerWrapper--halign-left \">\n<div class=\"znColumnElement-innerContent\"><\/div>\n<\/div>\n<\/div>\n[\/et_pb_text][\/et_pb_column][\/et_pb_row][\/et_pb_section][et_pb_section fb_built=\u00bb1&#8243; prev_background_color=\u00bb#ffffff\u00bb next_background_color=\u00bb#ffffff\u00bb _builder_version=\u00bb4.27.0&#8243; _module_preset=\u00bbdefault\u00bb background_color=\u00bb#98c11d\u00bb custom_padding=\u00bb87px||74px|||\u00bb top_divider_style=\u00bbwaves2&#8243; bottom_divider_style=\u00bbwaves2&#8243; locked=\u00bboff\u00bb global_colors_info=\u00bb{}\u00bb][et_pb_row custom_padding_last_edited=\u00bboff|desktop\u00bb _builder_version=\u00bb4.16&#8243; custom_padding=\u00bb69px|||||\u00bb custom_padding_tablet=\u00bb100px||50px|\u00bb locked=\u00bboff\u00bb global_colors_info=\u00bb{}\u00bb][et_pb_column type=\u00bb4_4&#8243; _builder_version=\u00bb4.16&#8243; custom_padding=\u00bb|||\u00bb global_colors_info=\u00bb{}\u00bb custom_padding__hover=\u00bb|||\u00bb][et_pb_text _builder_version=\u00bb4.27.0&#8243; text_font=\u00bbMontserrat|300|||||||\u00bb text_font_size=\u00bb16px\u00bb text_line_height=\u00bb1.8em\u00bb ul_font=\u00bb||||||||\u00bb ol_font=\u00bb||||||||\u00bb header_font=\u00bb||||||||\u00bb header_2_font=\u00bbMontserrat|300|||||||\u00bb header_2_text_color=\u00bb#ffffff\u00bb header_2_font_size=\u00bb40px\u00bb header_2_line_height=\u00bb1.5em\u00bb text_orientation=\u00bbcenter\u00bb max_width=\u00bb1200%\u00bb module_alignment=\u00bbcenter\u00bb custom_margin=\u00bb|||\u00bb custom_margin_tablet=\u00bb0px|50px||50px\u00bb custom_margin_phone=\u00bb33px||||false|false\u00bb custom_margin_last_edited=\u00bbon|phone\u00bb custom_padding=\u00bb|||\u00bb text_line_height_tablet=\u00bb1.8em\u00bb text_line_height_phone=\u00bb1.8em\u00bb text_line_height_last_edited=\u00bboff|desktop\u00bb header_2_font_size_tablet=\u00bb40px\u00bb header_2_font_size_phone=\u00bb30px\u00bb header_2_font_size_last_edited=\u00bbon|phone\u00bb global_colors_info=\u00bb{}\u00bb]\n<h2><strong>Productos para la industria oleoqu\u00edmica<\/strong><\/h2>\n[\/et_pb_text][\/et_pb_column][\/et_pb_row][et_pb_row column_structure=\u00bb1_2,1_2&#8243; custom_padding_last_edited=\u00bboff|desktop\u00bb _builder_version=\u00bb4.27.0&#8243; max_width=\u00bb1350px\u00bb custom_padding=\u00bb2px||50px|||\u00bb custom_padding_tablet=\u00bb100px||50px|\u00bb locked=\u00bboff\u00bb global_colors_info=\u00bb{}\u00bb][et_pb_column type=\u00bb1_2&#8243; _builder_version=\u00bb4.16&#8243; custom_padding=\u00bb|||\u00bb global_colors_info=\u00bb{}\u00bb custom_padding__hover=\u00bb|||\u00bb][et_pb_text _builder_version=\u00bb4.27.2&#8243; text_font=\u00bbMontserrat|300|||||||\u00bb text_text_color=\u00bb#FFFFFF\u00bb text_font_size=\u00bb16px\u00bb text_line_height=\u00bb1.8em\u00bb ul_font=\u00bb||||||||\u00bb ol_font=\u00bb||||||||\u00bb header_font=\u00bb||||||||\u00bb header_2_font=\u00bbMontserrat|300|||||||\u00bb header_2_font_size=\u00bb40px\u00bb header_2_line_height=\u00bb1.5em\u00bb text_orientation=\u00bbcenter\u00bb max_width=\u00bb1080%\u00bb module_alignment=\u00bbcenter\u00bb custom_margin=\u00bb|||\u00bb custom_margin_tablet=\u00bb0px|50px||50px\u00bb custom_margin_last_edited=\u00bboff|desktop\u00bb custom_padding=\u00bb|||\u00bb hover_enabled=\u00bb0&#8243; text_line_height_tablet=\u00bb1.8em\u00bb text_line_height_phone=\u00bb1.8em\u00bb text_line_height_last_edited=\u00bboff|desktop\u00bb header_2_font_size_tablet=\u00bb40px\u00bb header_2_font_size_phone=\u00bb30px\u00bb header_2_font_size_last_edited=\u00bbon|phone\u00bb global_colors_info=\u00bb{}\u00bb sticky_enabled=\u00bb0&#8243;]\n<ul>\n<li style=\"list-style-type: none;\">\n<ul class=\"services_box__list\">\n<li class=\"\" style=\"text-align: left;\"><strong>Ole\u00ednas vegetales<\/strong> (aceites vegetales \u00e1cidos)<\/li>\n<li class=\"\" style=\"text-align: left;\"><strong>\u00c1cidos grasos vegetales<\/strong><\/li>\n<li class=\"\" style=\"text-align: left;\"><strong>Grasas animales<\/strong><\/li>\n<li class=\"\" style=\"text-align: left;\"><strong>Glicerina<\/strong><\/li>\n<li class=\"\" style=\"text-align: left;\"><strong>Aceites vegetales crudos<\/strong> (palma, soja, colza, girasol&#8230;)<\/li>\n<li class=\"\" style=\"text-align: left;\"><strong>Aceites vegetales desgomados<\/strong> (palma, soja, colza, girasol&#8230;)\n<p>&nbsp;<\/p>\n<p>&nbsp;<\/p>\n<\/li>\n<\/ul>\n<\/li>\n<\/ul>\n<p style=\"text-align: left;\"><strong><\/strong><\/p>\n<div class=\"col-sm-4\">\n<div class=\"box u-trans-all-2s fixclear\"><\/div>\n<\/div>\n[\/et_pb_text][\/et_pb_column][et_pb_column type=\u00bb1_2&#8243; _builder_version=\u00bb4.16&#8243; custom_padding=\u00bb|||\u00bb global_colors_info=\u00bb{}\u00bb custom_padding__hover=\u00bb|||\u00bb][et_pb_text _builder_version=\u00bb4.27.2&#8243; text_font=\u00bbMontserrat|300|||||||\u00bb text_text_color=\u00bb#FFFFFF\u00bb text_font_size=\u00bb16px\u00bb text_line_height=\u00bb1.8em\u00bb ul_font=\u00bb||||||||\u00bb ol_font=\u00bb||||||||\u00bb header_font=\u00bb||||||||\u00bb header_2_font=\u00bbMontserrat|300|||||||\u00bb header_2_font_size=\u00bb40px\u00bb header_2_line_height=\u00bb1.5em\u00bb text_orientation=\u00bbcenter\u00bb max_width=\u00bb1080%\u00bb module_alignment=\u00bbcenter\u00bb custom_margin=\u00bb|||\u00bb custom_margin_tablet=\u00bb0px|50px||50px\u00bb custom_margin_last_edited=\u00bboff|desktop\u00bb custom_padding=\u00bb|||\u00bb hover_enabled=\u00bb0&#8243; text_line_height_tablet=\u00bb1.8em\u00bb text_line_height_phone=\u00bb1.8em\u00bb text_line_height_last_edited=\u00bboff|desktop\u00bb header_2_font_size_tablet=\u00bb40px\u00bb header_2_font_size_phone=\u00bb30px\u00bb header_2_font_size_last_edited=\u00bbon|phone\u00bb global_colors_info=\u00bb{}\u00bb sticky_enabled=\u00bb0&#8243;]\n<ul>\n<li style=\"list-style-type: none;\">\n<ul class=\"services_box__list\">\n<li class=\"\" style=\"text-align: left;\"><span class=\"glyphicon glyphicon-play\"><\/span>\n<p><strong>Aceites vegetales refinados<\/strong> (palma, soja, colza, girasol&#8230;)<\/p>\n<\/li>\n<li class=\"\" style=\"text-align: left;\">\n<p><strong>Biodi\u00e9sel o \u00e9steres met\u00edlicos<\/strong><\/p>\n<\/li>\n<li class=\"\" style=\"text-align: left;\">\n<p><strong>Aceite de pir\u00f3lisis de pl\u00e1sticos y neum\u00e1ticos<\/strong><\/p>\n<\/li>\n<li class=\"\" style=\"text-align: left;\">\n<p><strong>Pl\u00e1sticos reciclados<\/strong><\/p>\n<\/li>\n<\/ul>\n<\/li>\n<\/ul>\n<p style=\"text-align: left;\"><strong><\/strong><\/p>\n<div class=\"col-sm-4\">\n<div class=\"box u-trans-all-2s fixclear\"><\/div>\n<\/div>\n[\/et_pb_text][\/et_pb_column][\/et_pb_row][\/et_pb_section][et_pb_section fb_built=\u00bb1&#8243; _builder_version=\u00bb4.27.0&#8243; _module_preset=\u00bbdefault\u00bb global_colors_info=\u00bb{}\u00bb][et_pb_row column_structure=\u00bb1_4,1_4,1_4,1_4&#8243; custom_padding_last_edited=\u00bboff|desktop\u00bb _builder_version=\u00bb4.27.0&#8243; max_width=\u00bb1350px\u00bb custom_padding=\u00bb3px||80px|||\u00bb custom_padding_tablet=\u00bb100px||50px|\u00bb locked=\u00bboff\u00bb global_colors_info=\u00bb{}\u00bb][et_pb_column type=\u00bb1_4&#8243; _builder_version=\u00bb4.16&#8243; custom_padding=\u00bb|||\u00bb global_colors_info=\u00bb{}\u00bb custom_padding__hover=\u00bb|||\u00bb][et_pb_image src=\u00bbhttps:\/\/bv-oils.com\/wp-content\/uploads\/2024\/09\/OLEO-1.jpg\u00bb title_text=\u00bbOLEO 1&#8243; _builder_version=\u00bb4.27.0&#8243; _module_preset=\u00bbdefault\u00bb border_radii=\u00bboff|100px|10px|10px|10px\u00bb border_width_left=\u00bb10px\u00bb border_color_left=\u00bb#8ebd30&#8243; box_shadow_style=\u00bbpreset4&#8243; box_shadow_horizontal=\u00bb-10px\u00bb box_shadow_vertical=\u00bb0px\u00bb box_shadow_color=\u00bb#e4bf1f\u00bb global_colors_info=\u00bb{}\u00bb][\/et_pb_image][\/et_pb_column][et_pb_column type=\u00bb1_4&#8243; _builder_version=\u00bb4.16&#8243; custom_padding=\u00bb|||\u00bb global_colors_info=\u00bb{}\u00bb custom_padding__hover=\u00bb|||\u00bb][et_pb_image src=\u00bbhttps:\/\/bv-oils.com\/wp-content\/uploads\/2024\/10\/OLEO-5.jpg\u00bb title_text=\u00bbOLEO 5&#8243; _builder_version=\u00bb4.27.0&#8243; _module_preset=\u00bbdefault\u00bb min_height_tablet=\u00bb\u00bb min_height_phone=\u00bb\u00bb min_height_last_edited=\u00bbon|desktop\u00bb max_height=\u00bb364px\u00bb border_radii=\u00bbon|10px|10px|10px|10px\u00bb global_colors_info=\u00bb{}\u00bb][\/et_pb_image][\/et_pb_column][et_pb_column type=\u00bb1_4&#8243; _builder_version=\u00bb4.16&#8243; custom_padding=\u00bb|||\u00bb global_colors_info=\u00bb{}\u00bb custom_padding__hover=\u00bb|||\u00bb][et_pb_image src=\u00bbhttps:\/\/bv-oils.com\/wp-content\/uploads\/2024\/09\/OLEO-3.jpg\u00bb title_text=\u00bbOLEO 3&#8243; _builder_version=\u00bb4.27.0&#8243; _module_preset=\u00bbdefault\u00bb min_height_tablet=\u00bb\u00bb min_height_phone=\u00bb\u00bb min_height_last_edited=\u00bbon|desktop\u00bb max_height=\u00bb364px\u00bb border_radii=\u00bbon|10px|10px|10px|10px\u00bb border_color_left=\u00bb#ffffff\u00bb global_colors_info=\u00bb{}\u00bb][\/et_pb_image][\/et_pb_column][et_pb_column type=\u00bb1_4&#8243; _builder_version=\u00bb4.16&#8243; custom_padding=\u00bb|||\u00bb global_colors_info=\u00bb{}\u00bb custom_padding__hover=\u00bb|||\u00bb][et_pb_image src=\u00bbhttps:\/\/bv-oils.com\/wp-content\/uploads\/2024\/10\/OLEO-6.jpg\u00bb title_text=\u00bbOLEO 6&#8243; _builder_version=\u00bb4.27.0&#8243; _module_preset=\u00bbdefault\u00bb border_radii=\u00bboff|10px|10px|100px|10px\u00bb border_width_right=\u00bb10px\u00bb border_color_right=\u00bb#8ebd30&#8243; box_shadow_style=\u00bbpreset4&#8243; box_shadow_vertical=\u00bb0px\u00bb box_shadow_color=\u00bb#e4bf1f\u00bb global_colors_info=\u00bb{}\u00bb][\/et_pb_image][\/et_pb_column][\/et_pb_row][et_pb_row _builder_version=\u00bb4.27.0&#8243; _module_preset=\u00bbdefault\u00bb global_colors_info=\u00bb{}\u00bb][et_pb_column type=\u00bb4_4&#8243; _builder_version=\u00bb4.27.0&#8243; _module_preset=\u00bbdefault\u00bb global_colors_info=\u00bb{}\u00bb][et_pb_code admin_label=\u00bbSEO\u00bb _builder_version=\u00bb4.27.0&#8243; _module_preset=\u00bbdefault\u00bb global_colors_info=\u00bb{}\u00bb]<span class=\"collapseomatic \" id=\"id69e1137d772b3\"  tabindex=\"0\" title=\"\"    ><\/span><div id=\"target-id69e1137d772b3\" class=\"collapseomatic_content \"><!-- [et_pb_line_break_holder] --><!-- [et_pb_line_break_holder] -->At BV Oils, we offer a comprehensive range of high-quality technical products specifically designed for the oleochemical industry. Our extensive product lineup supports a variety of applications, including the production of methyl esters, plastics, detergents, resins, and paints. We are committed to providing industry-leading solutions that meet the rigorous demands of these sectors.<!-- [et_pb_line_break_holder] --><!-- [et_pb_line_break_holder] -->Our technical products are meticulously formulated to ensure superior performance and reliability. For the production of methyl esters, we supply key ingredients that meet the highest standards of purity and efficiency. In the plastics industry, our products enhance the quality and durability of plastic materials, offering exceptional performance for diverse applications.<!-- [et_pb_line_break_holder] --><!-- [et_pb_line_break_holder] -->In the realm of detergents, our high-quality technical solutions contribute to the formulation of effective and sustainable cleaning products. For resins and paints, we provide essential components that ensure optimal adhesion, durability, and color consistency. Each product in our portfolio is designed to meet the specific needs of our clients while adhering to stringent quality control measures.<!-- [et_pb_line_break_holder] --><!-- [et_pb_line_break_holder] -->At BV Oils, we understand the importance of innovation and precision in the oleochemical industry. Our team of experts is dedicated to delivering products that not only meet but exceed industry standards, helping you achieve the best results in your production processes. Whether you&#8217;re seeking advanced solutions for industrial applications or looking to improve the performance of your products, BV Oils is your trusted partner for high-quality technical products in the oleochemical sector.<!-- [et_pb_line_break_holder] --><!-- [et_pb_line_break_holder] --><\/div>[\/et_pb_code][\/et_pb_column][\/et_pb_row][\/et_pb_section]\n","protected":false},"excerpt":{"rendered":"<p>Productos de la industria oleoqu\u00edmica Disponemos de todo tipo de productos t\u00e9cnicos de alta calidad para la industria oleoqu\u00edmica, para la producci\u00f3n de \u00e9steres met\u00edlicos, pl\u00e1sticos, detergentes, resinas, pinturas, etc. Productos para la industria oleoqu\u00edmica Ole\u00ednas vegetales (aceites vegetales \u00e1cidos) \u00c1cidos grasos vegetales Grasas animales Glicerina Aceites vegetales crudos (palma, soja, colza, girasol&#8230;) Aceites vegetales [&hellip;]<\/p>\n","protected":false},"author":1,"featured_media":0,"parent":0,"menu_order":0,"comment_status":"closed","ping_status":"closed","template":"","meta":{"_et_pb_use_builder":"on","_et_pb_old_content":"","_et_gb_content_width":"","footnotes":""},"class_list":["post-1026","page","type-page","status-publish","hentry"],"yoast_head":"<!-- This site is optimized with the Yoast SEO plugin v27.4 - https:\/\/yoast.com\/product\/yoast-seo-wordpress\/ -->\n<title>OLEOQU\u00cdMICO - BV Oils | Raw material trading company<\/title>\n<meta name=\"description\" content=\"We have all kinds of high quality technical products for the oleochemical industry, for the production of methyl esters, plastics...\" \/>\n<meta name=\"robots\" content=\"index, follow, max-snippet:-1, max-image-preview:large, max-video-preview:-1\" \/>\n<link rel=\"canonical\" href=\"https:\/\/bv-oils.com\/oleochemical\/\" \/>\n<meta property=\"og:locale\" content=\"es_ES\" \/>\n<meta property=\"og:type\" content=\"article\" \/>\n<meta property=\"og:title\" content=\"OLEOQU\u00cdMICO - BV Oils | Raw material trading company\" \/>\n<meta property=\"og:description\" content=\"We have all kinds of high quality technical products for the oleochemical industry, for the production of methyl esters, plastics...\" \/>\n<meta property=\"og:url\" content=\"https:\/\/bv-oils.com\/oleochemical\/\" \/>\n<meta property=\"og:site_name\" content=\"BV Oils | Raw material trading company\" \/>\n<meta property=\"article:modified_time\" content=\"2024-10-09T07:08:44+00:00\" \/>\n<meta property=\"og:image\" content=\"https:\/\/bv-oils.com\/wp-content\/uploads\/2024\/09\/46122-1024x939.jpg\" \/>\n\t<meta property=\"og:image:width\" content=\"1024\" \/>\n\t<meta property=\"og:image:height\" content=\"939\" \/>\n\t<meta property=\"og:image:type\" content=\"image\/jpeg\" \/>\n<meta name=\"twitter:label1\" content=\"Tiempo de lectura\" \/>\n\t<meta name=\"twitter:data1\" content=\"3 minutos\" \/>\n<script type=\"application\/ld+json\" class=\"yoast-schema-graph\">{\"@context\":\"https:\\\/\\\/schema.org\",\"@graph\":[{\"@type\":\"WebPage\",\"@id\":\"https:\\\/\\\/bv-oils.com\\\/oleochemical\\\/\",\"url\":\"https:\\\/\\\/bv-oils.com\\\/oleochemical\\\/\",\"name\":\"OLEOQU\u00cdMICO - BV Oils | Raw material trading company\",\"isPartOf\":{\"@id\":\"https:\\\/\\\/bv-oils.com\\\/#website\"},\"datePublished\":\"2024-09-16T13:39:55+00:00\",\"dateModified\":\"2024-10-09T07:08:44+00:00\",\"description\":\"We have all kinds of high quality technical products for the oleochemical industry, for the production of methyl esters, plastics...\",\"breadcrumb\":{\"@id\":\"https:\\\/\\\/bv-oils.com\\\/oleochemical\\\/#breadcrumb\"},\"inLanguage\":\"es\",\"potentialAction\":[{\"@type\":\"ReadAction\",\"target\":[\"https:\\\/\\\/bv-oils.com\\\/oleochemical\\\/\"]}]},{\"@type\":\"BreadcrumbList\",\"@id\":\"https:\\\/\\\/bv-oils.com\\\/oleochemical\\\/#breadcrumb\",\"itemListElement\":[{\"@type\":\"ListItem\",\"position\":1,\"name\":\"Portada\",\"item\":\"https:\\\/\\\/bv-oils.com\\\/\"},{\"@type\":\"ListItem\",\"position\":2,\"name\":\"OLEOQU\u00cdMICO\"}]},{\"@type\":\"WebSite\",\"@id\":\"https:\\\/\\\/bv-oils.com\\\/#website\",\"url\":\"https:\\\/\\\/bv-oils.com\\\/\",\"name\":\"BV Oils | Raw material trading company\",\"description\":\"We provide technical and commercial advice on biofuels and residual raw materials\",\"publisher\":{\"@id\":\"https:\\\/\\\/bv-oils.com\\\/#organization\"},\"alternateName\":\"BV Oils\",\"potentialAction\":[{\"@type\":\"SearchAction\",\"target\":{\"@type\":\"EntryPoint\",\"urlTemplate\":\"https:\\\/\\\/bv-oils.com\\\/?s={search_term_string}\"},\"query-input\":{\"@type\":\"PropertyValueSpecification\",\"valueRequired\":true,\"valueName\":\"search_term_string\"}}],\"inLanguage\":\"es\"},{\"@type\":\"Organization\",\"@id\":\"https:\\\/\\\/bv-oils.com\\\/#organization\",\"name\":\"BV Oils\",\"alternateName\":\"Raw Material trading company\",\"url\":\"https:\\\/\\\/bv-oils.com\\\/\",\"logo\":{\"@type\":\"ImageObject\",\"inLanguage\":\"es\",\"@id\":\"https:\\\/\\\/bv-oils.com\\\/#\\\/schema\\\/logo\\\/image\\\/\",\"url\":\"https:\\\/\\\/bv-oils.com\\\/wp-content\\\/uploads\\\/2024\\\/09\\\/cropped-petit.png\",\"contentUrl\":\"https:\\\/\\\/bv-oils.com\\\/wp-content\\\/uploads\\\/2024\\\/09\\\/cropped-petit.png\",\"width\":512,\"height\":512,\"caption\":\"BV Oils\"},\"image\":{\"@id\":\"https:\\\/\\\/bv-oils.com\\\/#\\\/schema\\\/logo\\\/image\\\/\"}}]}<\/script>\n<!-- \/ Yoast SEO plugin. -->","yoast_head_json":{"title":"OLEOQU\u00cdMICO - BV Oils | Raw material trading company","description":"We have all kinds of high quality technical products for the oleochemical industry, for the production of methyl esters, plastics...","robots":{"index":"index","follow":"follow","max-snippet":"max-snippet:-1","max-image-preview":"max-image-preview:large","max-video-preview":"max-video-preview:-1"},"canonical":"https:\/\/bv-oils.com\/oleochemical\/","og_locale":"es_ES","og_type":"article","og_title":"OLEOQU\u00cdMICO - BV Oils | Raw material trading company","og_description":"We have all kinds of high quality technical products for the oleochemical industry, for the production of methyl esters, plastics...","og_url":"https:\/\/bv-oils.com\/oleochemical\/","og_site_name":"BV Oils | Raw material trading company","article_modified_time":"2024-10-09T07:08:44+00:00","og_image":[{"width":1024,"height":939,"url":"https:\/\/bv-oils.com\/wp-content\/uploads\/2024\/09\/46122-1024x939.jpg","type":"image\/jpeg"}],"twitter_misc":{"Tiempo de lectura":"3 minutos"},"schema":{"@context":"https:\/\/schema.org","@graph":[{"@type":"WebPage","@id":"https:\/\/bv-oils.com\/oleochemical\/","url":"https:\/\/bv-oils.com\/oleochemical\/","name":"OLEOQU\u00cdMICO - BV Oils | Raw material trading company","isPartOf":{"@id":"https:\/\/bv-oils.com\/#website"},"datePublished":"2024-09-16T13:39:55+00:00","dateModified":"2024-10-09T07:08:44+00:00","description":"We have all kinds of high quality technical products for the oleochemical industry, for the production of methyl esters, plastics...","breadcrumb":{"@id":"https:\/\/bv-oils.com\/oleochemical\/#breadcrumb"},"inLanguage":"es","potentialAction":[{"@type":"ReadAction","target":["https:\/\/bv-oils.com\/oleochemical\/"]}]},{"@type":"BreadcrumbList","@id":"https:\/\/bv-oils.com\/oleochemical\/#breadcrumb","itemListElement":[{"@type":"ListItem","position":1,"name":"Portada","item":"https:\/\/bv-oils.com\/"},{"@type":"ListItem","position":2,"name":"OLEOQU\u00cdMICO"}]},{"@type":"WebSite","@id":"https:\/\/bv-oils.com\/#website","url":"https:\/\/bv-oils.com\/","name":"BV Oils | Raw material trading company","description":"We provide technical and commercial advice on biofuels and residual raw materials","publisher":{"@id":"https:\/\/bv-oils.com\/#organization"},"alternateName":"BV Oils","potentialAction":[{"@type":"SearchAction","target":{"@type":"EntryPoint","urlTemplate":"https:\/\/bv-oils.com\/?s={search_term_string}"},"query-input":{"@type":"PropertyValueSpecification","valueRequired":true,"valueName":"search_term_string"}}],"inLanguage":"es"},{"@type":"Organization","@id":"https:\/\/bv-oils.com\/#organization","name":"BV Oils","alternateName":"Raw Material trading company","url":"https:\/\/bv-oils.com\/","logo":{"@type":"ImageObject","inLanguage":"es","@id":"https:\/\/bv-oils.com\/#\/schema\/logo\/image\/","url":"https:\/\/bv-oils.com\/wp-content\/uploads\/2024\/09\/cropped-petit.png","contentUrl":"https:\/\/bv-oils.com\/wp-content\/uploads\/2024\/09\/cropped-petit.png","width":512,"height":512,"caption":"BV Oils"},"image":{"@id":"https:\/\/bv-oils.com\/#\/schema\/logo\/image\/"}}]}},"_links":{"self":[{"href":"https:\/\/bv-oils.com\/es\/wp-json\/wp\/v2\/pages\/1026","targetHints":{"allow":["GET"]}}],"collection":[{"href":"https:\/\/bv-oils.com\/es\/wp-json\/wp\/v2\/pages"}],"about":[{"href":"https:\/\/bv-oils.com\/es\/wp-json\/wp\/v2\/types\/page"}],"author":[{"embeddable":true,"href":"https:\/\/bv-oils.com\/es\/wp-json\/wp\/v2\/users\/1"}],"replies":[{"embeddable":true,"href":"https:\/\/bv-oils.com\/es\/wp-json\/wp\/v2\/comments?post=1026"}],"version-history":[{"count":3,"href":"https:\/\/bv-oils.com\/es\/wp-json\/wp\/v2\/pages\/1026\/revisions"}],"predecessor-version":[{"id":1029,"href":"https:\/\/bv-oils.com\/es\/wp-json\/wp\/v2\/pages\/1026\/revisions\/1029"}],"wp:attachment":[{"href":"https:\/\/bv-oils.com\/es\/wp-json\/wp\/v2\/media?parent=1026"}],"curies":[{"name":"wp","href":"https:\/\/api.w.org\/{rel}","templated":true}]}}